{"id":96904,"date":"2021-01-21T16:24:42","date_gmt":"2021-01-21T13:24:42","guid":{"rendered":"http:\/\/karakayateknoloji.com\/?post_type=product&#038;p=96904"},"modified":"2023-09-14T15:44:06","modified_gmt":"2023-09-14T12:44:06","slug":"stp-f-kanal-baglanti-parcasi","status":"publish","type":"product","link":"https:\/\/karakayateknoloji.com\/?product=stp-f-kanal-baglanti-parcasi","title":{"rendered":"STP.&#8212;.F, Kanal Ba\u011flant\u0131 Par\u00e7as\u0131, 6mm"},"content":{"rendered":"","protected":false},"excerpt":{"rendered":"","protected":false},"featured_media":100662,"comment_status":"closed","ping_status":"closed","template":"","meta":[],"product_cat":[1065],"product_tag":[],"class_list":{"0":"post-96904","1":"product","2":"type-product","3":"status-publish","4":"has-post-thumbnail","6":"product_cat-aksesuarlar","7":"pa_capi-6-mm","9":"first","10":"instock","11":"taxable","12":"shipping-taxable","13":"product-type-simple"},"_links":{"self":[{"href":"https:\/\/karakayateknoloji.com\/index.php?rest_route=\/wp\/v2\/product\/96904","targetHints":{"allow":["GET"]}}],"collection":[{"href":"https:\/\/karakayateknoloji.com\/index.php?rest_route=\/wp\/v2\/product"}],"about":[{"href":"https:\/\/karakayateknoloji.com\/index.php?rest_route=\/wp\/v2\/types\/product"}],"replies":[{"embeddable":true,"href":"https:\/\/karakayateknoloji.com\/index.php?rest_route=%2Fwp%2Fv2%2Fcomments&post=96904"}],"wp:featuredmedia":[{"embeddable":true,"href":"https:\/\/karakayateknoloji.com\/index.php?rest_route=\/wp\/v2\/media\/100662"}],"wp:attachment":[{"href":"https:\/\/karakayateknoloji.com\/index.php?rest_route=%2Fwp%2Fv2%2Fmedia&parent=96904"}],"wp:term":[{"taxonomy":"product_cat","embeddable":true,"href":"https:\/\/karakayateknoloji.com\/index.php?rest_route=%2Fwp%2Fv2%2Fproduct_cat&post=96904"},{"taxonomy":"product_tag","embeddable":true,"href":"https:\/\/karakayateknoloji.com\/index.php?rest_route=%2Fwp%2Fv2%2Fproduct_tag&post=96904"}],"curies":[{"name":"wp","href":"https:\/\/api.w.org\/{rel}","templated":true}]}}