{"id":96776,"date":"2021-01-21T10:03:30","date_gmt":"2021-01-21T07:03:30","guid":{"rendered":"http:\/\/karakayateknoloji.com\/?post_type=product&#038;p=96776"},"modified":"2023-09-14T15:42:56","modified_gmt":"2023-09-14T12:42:56","slug":"stp-417-kablo-tip-sicaklik-sensoru-ntc2-2k-6x215mm","status":"publish","type":"product","link":"https:\/\/karakayateknoloji.com\/?product=stp-417-kablo-tip-sicaklik-sensoru-ntc2-2k-6x215mm","title":{"rendered":"STP.418 Kablo Tip S\u0131cakl\u0131k Sens\u00f6r\u00fc, NTC3k, 6x215mm"},"content":{"rendered":"","protected":false},"excerpt":{"rendered":"","protected":false},"featured_media":103823,"comment_status":"closed","ping_status":"closed","template":"","meta":[],"product_cat":[29,133,1035],"product_tag":[],"class_list":{"0":"post-96776","1":"product","2":"type-product","3":"status-publish","4":"has-post-thumbnail","6":"product_cat-sicaklik","7":"product_cat-kablo-tip","8":"product_cat-6x215mm","9":"pa_boy-215mm","10":"pa_capi-6-mm","11":"pa_marka-sense","13":"first","14":"instock","15":"taxable","16":"shipping-taxable","17":"product-type-simple"},"_links":{"self":[{"href":"https:\/\/karakayateknoloji.com\/index.php?rest_route=\/wp\/v2\/product\/96776","targetHints":{"allow":["GET"]}}],"collection":[{"href":"https:\/\/karakayateknoloji.com\/index.php?rest_route=\/wp\/v2\/product"}],"about":[{"href":"https:\/\/karakayateknoloji.com\/index.php?rest_route=\/wp\/v2\/types\/product"}],"replies":[{"embeddable":true,"href":"https:\/\/karakayateknoloji.com\/index.php?rest_route=%2Fwp%2Fv2%2Fcomments&post=96776"}],"wp:featuredmedia":[{"embeddable":true,"href":"https:\/\/karakayateknoloji.com\/index.php?rest_route=\/wp\/v2\/media\/103823"}],"wp:attachment":[{"href":"https:\/\/karakayateknoloji.com\/index.php?rest_route=%2Fwp%2Fv2%2Fmedia&parent=96776"}],"wp:term":[{"taxonomy":"product_cat","embeddable":true,"href":"https:\/\/karakayateknoloji.com\/index.php?rest_route=%2Fwp%2Fv2%2Fproduct_cat&post=96776"},{"taxonomy":"product_tag","embeddable":true,"href":"https:\/\/karakayateknoloji.com\/index.php?rest_route=%2Fwp%2Fv2%2Fproduct_tag&post=96776"}],"curies":[{"name":"wp","href":"https:\/\/api.w.org\/{rel}","templated":true}]}}