{"id":96730,"date":"2021-01-21T09:22:51","date_gmt":"2021-01-21T06:22:51","guid":{"rendered":"http:\/\/karakayateknoloji.com\/?post_type=product&#038;p=96730"},"modified":"2021-02-13T21:14:28","modified_gmt":"2021-02-13T18:14:28","slug":"stp-218-kablo-tip-sicaklik-sensoru-ntc3k-4x50mm","status":"publish","type":"product","link":"https:\/\/karakayateknoloji.com\/?product=stp-218-kablo-tip-sicaklik-sensoru-ntc3k-4x50mm","title":{"rendered":"STP.218 Kablo Tip S\u0131cakl\u0131k Sens\u00f6r\u00fc, NTC3k, 4x50mm"},"content":{"rendered":"","protected":false},"excerpt":{"rendered":"","protected":false},"featured_media":5120,"comment_status":"closed","ping_status":"closed","template":"","meta":[],"product_cat":[29,133,1031],"product_tag":[],"class_list":{"0":"post-96730","1":"product","2":"type-product","3":"status-publish","4":"has-post-thumbnail","6":"product_cat-sicaklik","7":"product_cat-kablo-tip","8":"product_cat-4x50mm","9":"pa_boy-50-mm","10":"pa_capi-4-mm","11":"pa_marka-sense","13":"first","14":"instock","15":"taxable","16":"shipping-taxable","17":"product-type-simple"},"_links":{"self":[{"href":"https:\/\/karakayateknoloji.com\/index.php?rest_route=\/wp\/v2\/product\/96730","targetHints":{"allow":["GET"]}}],"collection":[{"href":"https:\/\/karakayateknoloji.com\/index.php?rest_route=\/wp\/v2\/product"}],"about":[{"href":"https:\/\/karakayateknoloji.com\/index.php?rest_route=\/wp\/v2\/types\/product"}],"replies":[{"embeddable":true,"href":"https:\/\/karakayateknoloji.com\/index.php?rest_route=%2Fwp%2Fv2%2Fcomments&post=96730"}],"wp:featuredmedia":[{"embeddable":true,"href":"https:\/\/karakayateknoloji.com\/index.php?rest_route=\/wp\/v2\/media\/5120"}],"wp:attachment":[{"href":"https:\/\/karakayateknoloji.com\/index.php?rest_route=%2Fwp%2Fv2%2Fmedia&parent=96730"}],"wp:term":[{"taxonomy":"product_cat","embeddable":true,"href":"https:\/\/karakayateknoloji.com\/index.php?rest_route=%2Fwp%2Fv2%2Fproduct_cat&post=96730"},{"taxonomy":"product_tag","embeddable":true,"href":"https:\/\/karakayateknoloji.com\/index.php?rest_route=%2Fwp%2Fv2%2Fproduct_tag&post=96730"}],"curies":[{"name":"wp","href":"https:\/\/api.w.org\/{rel}","templated":true}]}}