{"id":96718,"date":"2021-01-21T09:10:35","date_gmt":"2021-01-21T06:10:35","guid":{"rendered":"http:\/\/karakayateknoloji.com\/?post_type=product&#038;p=96718"},"modified":"2021-02-13T21:10:26","modified_gmt":"2021-02-13T18:10:26","slug":"stp-118-kablo-tip-sicaklik-sensoru-ntc3k-6x50mm-kopya","status":"publish","type":"product","link":"https:\/\/karakayateknoloji.com\/?product=stp-118-kablo-tip-sicaklik-sensoru-ntc3k-6x50mm-kopya","title":{"rendered":"STP.118 Kablo Tip S\u0131cakl\u0131k Sens\u00f6r\u00fc, NTC3k, 6x50mm"},"content":{"rendered":"","protected":false},"excerpt":{"rendered":"","protected":false},"featured_media":4952,"comment_status":"closed","ping_status":"closed","template":"","meta":[],"product_cat":[29,133,1032],"product_tag":[],"class_list":{"0":"post-96718","1":"product","2":"type-product","3":"status-publish","4":"has-post-thumbnail","6":"product_cat-sicaklik","7":"product_cat-kablo-tip","8":"product_cat-6x50mm","9":"pa_boy-50-mm","10":"pa_capi-6-mm","11":"pa_marka-sense","13":"first","14":"instock","15":"taxable","16":"shipping-taxable","17":"product-type-simple"},"_links":{"self":[{"href":"https:\/\/karakayateknoloji.com\/index.php?rest_route=\/wp\/v2\/product\/96718","targetHints":{"allow":["GET"]}}],"collection":[{"href":"https:\/\/karakayateknoloji.com\/index.php?rest_route=\/wp\/v2\/product"}],"about":[{"href":"https:\/\/karakayateknoloji.com\/index.php?rest_route=\/wp\/v2\/types\/product"}],"replies":[{"embeddable":true,"href":"https:\/\/karakayateknoloji.com\/index.php?rest_route=%2Fwp%2Fv2%2Fcomments&post=96718"}],"wp:featuredmedia":[{"embeddable":true,"href":"https:\/\/karakayateknoloji.com\/index.php?rest_route=\/wp\/v2\/media\/4952"}],"wp:attachment":[{"href":"https:\/\/karakayateknoloji.com\/index.php?rest_route=%2Fwp%2Fv2%2Fmedia&parent=96718"}],"wp:term":[{"taxonomy":"product_cat","embeddable":true,"href":"https:\/\/karakayateknoloji.com\/index.php?rest_route=%2Fwp%2Fv2%2Fproduct_cat&post=96718"},{"taxonomy":"product_tag","embeddable":true,"href":"https:\/\/karakayateknoloji.com\/index.php?rest_route=%2Fwp%2Fv2%2Fproduct_tag&post=96718"}],"curies":[{"name":"wp","href":"https:\/\/api.w.org\/{rel}","templated":true}]}}