{"id":96418,"date":"2021-01-20T15:26:14","date_gmt":"2021-01-20T12:26:14","guid":{"rendered":"http:\/\/karakayateknoloji.com\/?post_type=product&#038;p=96418"},"modified":"2023-09-14T15:37:57","modified_gmt":"2023-09-14T12:37:57","slug":"stp-116-kablo-tip-sicaklik-sensoru-ni1000-6x50mm","status":"publish","type":"product","link":"https:\/\/karakayateknoloji.com\/?product=stp-116-kablo-tip-sicaklik-sensoru-ni1000-6x50mm","title":{"rendered":"STP.116 Kablo Tip S\u0131cakl\u0131k Sens\u00f6r\u00fc, Ni1000, 6x50mm"},"content":{"rendered":"","protected":false},"excerpt":{"rendered":"","protected":false},"featured_media":4952,"comment_status":"closed","ping_status":"closed","template":"","meta":[],"product_cat":[29,133,1032],"product_tag":[],"class_list":{"0":"post-96418","1":"product","2":"type-product","3":"status-publish","4":"has-post-thumbnail","6":"product_cat-sicaklik","7":"product_cat-kablo-tip","8":"product_cat-6x50mm","9":"pa_boy-50-mm","10":"pa_capi-6-mm","11":"pa_marka-sense","13":"first","14":"instock","15":"taxable","16":"shipping-taxable","17":"product-type-simple"},"_links":{"self":[{"href":"https:\/\/karakayateknoloji.com\/index.php?rest_route=\/wp\/v2\/product\/96418","targetHints":{"allow":["GET"]}}],"collection":[{"href":"https:\/\/karakayateknoloji.com\/index.php?rest_route=\/wp\/v2\/product"}],"about":[{"href":"https:\/\/karakayateknoloji.com\/index.php?rest_route=\/wp\/v2\/types\/product"}],"replies":[{"embeddable":true,"href":"https:\/\/karakayateknoloji.com\/index.php?rest_route=%2Fwp%2Fv2%2Fcomments&post=96418"}],"wp:featuredmedia":[{"embeddable":true,"href":"https:\/\/karakayateknoloji.com\/index.php?rest_route=\/wp\/v2\/media\/4952"}],"wp:attachment":[{"href":"https:\/\/karakayateknoloji.com\/index.php?rest_route=%2Fwp%2Fv2%2Fmedia&parent=96418"}],"wp:term":[{"taxonomy":"product_cat","embeddable":true,"href":"https:\/\/karakayateknoloji.com\/index.php?rest_route=%2Fwp%2Fv2%2Fproduct_cat&post=96418"},{"taxonomy":"product_tag","embeddable":true,"href":"https:\/\/karakayateknoloji.com\/index.php?rest_route=%2Fwp%2Fv2%2Fproduct_tag&post=96418"}],"curies":[{"name":"wp","href":"https:\/\/api.w.org\/{rel}","templated":true}]}}