{"id":5124,"date":"2017-08-22T15:28:59","date_gmt":"2017-08-22T12:28:59","guid":{"rendered":"http:\/\/www.karakayateknoloji.com\/?product=stp-215-kablo-tip-sicaklik-sensoru-pt1000-4x50mm"},"modified":"2021-02-13T21:14:06","modified_gmt":"2021-02-13T18:14:06","slug":"stp-215-kablo-tip-sicaklik-sensoru-pt1000-4x50mm","status":"publish","type":"product","link":"https:\/\/karakayateknoloji.com\/?product=stp-215-kablo-tip-sicaklik-sensoru-pt1000-4x50mm","title":{"rendered":"STP.215 Kablo Tip S\u0131cakl\u0131k Sens\u00f6r\u00fc, PT1000, 4x50mm"},"content":{"rendered":"","protected":false},"excerpt":{"rendered":"","protected":false},"featured_media":5120,"comment_status":"closed","ping_status":"closed","template":"","meta":[],"product_cat":[29,133,1031],"product_tag":[],"class_list":{"0":"post-5124","1":"product","2":"type-product","3":"status-publish","4":"has-post-thumbnail","6":"product_cat-sicaklik","7":"product_cat-kablo-tip","8":"product_cat-4x50mm","9":"pa_boy-50-mm","10":"pa_capi-4-mm","11":"pa_marka-sense","13":"first","14":"instock","15":"taxable","16":"shipping-taxable","17":"product-type-simple"},"_links":{"self":[{"href":"https:\/\/karakayateknoloji.com\/index.php?rest_route=\/wp\/v2\/product\/5124","targetHints":{"allow":["GET"]}}],"collection":[{"href":"https:\/\/karakayateknoloji.com\/index.php?rest_route=\/wp\/v2\/product"}],"about":[{"href":"https:\/\/karakayateknoloji.com\/index.php?rest_route=\/wp\/v2\/types\/product"}],"replies":[{"embeddable":true,"href":"https:\/\/karakayateknoloji.com\/index.php?rest_route=%2Fwp%2Fv2%2Fcomments&post=5124"}],"wp:featuredmedia":[{"embeddable":true,"href":"https:\/\/karakayateknoloji.com\/index.php?rest_route=\/wp\/v2\/media\/5120"}],"wp:attachment":[{"href":"https:\/\/karakayateknoloji.com\/index.php?rest_route=%2Fwp%2Fv2%2Fmedia&parent=5124"}],"wp:term":[{"taxonomy":"product_cat","embeddable":true,"href":"https:\/\/karakayateknoloji.com\/index.php?rest_route=%2Fwp%2Fv2%2Fproduct_cat&post=5124"},{"taxonomy":"product_tag","embeddable":true,"href":"https:\/\/karakayateknoloji.com\/index.php?rest_route=%2Fwp%2Fv2%2Fproduct_tag&post=5124"}],"curies":[{"name":"wp","href":"https:\/\/api.w.org\/{rel}","templated":true}]}}