{"id":5119,"date":"2017-08-22T15:24:36","date_gmt":"2017-08-22T12:24:36","guid":{"rendered":"http:\/\/www.karakayateknoloji.com\/?product=stp-211-kablo-tip-sicaklik-sensoru-ntc10k-4x50mm"},"modified":"2021-02-13T21:13:19","modified_gmt":"2021-02-13T18:13:19","slug":"stp-211-kablo-tip-sicaklik-sensoru-ntc10k-4x50mm","status":"publish","type":"product","link":"https:\/\/karakayateknoloji.com\/?product=stp-211-kablo-tip-sicaklik-sensoru-ntc10k-4x50mm","title":{"rendered":"STP.211 Kablo Tip S\u0131cakl\u0131k Sens\u00f6r\u00fc, NTC10k, 4x50mm"},"content":{"rendered":"","protected":false},"excerpt":{"rendered":"","protected":false},"featured_media":5120,"comment_status":"closed","ping_status":"closed","template":"","meta":[],"product_cat":[29,133,1031],"product_tag":[],"class_list":{"0":"post-5119","1":"product","2":"type-product","3":"status-publish","4":"has-post-thumbnail","6":"product_cat-sicaklik","7":"product_cat-kablo-tip","8":"product_cat-4x50mm","9":"pa_boy-50-mm","10":"pa_capi-4-mm","11":"pa_marka-sense","13":"first","14":"instock","15":"taxable","16":"shipping-taxable","17":"product-type-simple"},"_links":{"self":[{"href":"https:\/\/karakayateknoloji.com\/index.php?rest_route=\/wp\/v2\/product\/5119","targetHints":{"allow":["GET"]}}],"collection":[{"href":"https:\/\/karakayateknoloji.com\/index.php?rest_route=\/wp\/v2\/product"}],"about":[{"href":"https:\/\/karakayateknoloji.com\/index.php?rest_route=\/wp\/v2\/types\/product"}],"replies":[{"embeddable":true,"href":"https:\/\/karakayateknoloji.com\/index.php?rest_route=%2Fwp%2Fv2%2Fcomments&post=5119"}],"wp:featuredmedia":[{"embeddable":true,"href":"https:\/\/karakayateknoloji.com\/index.php?rest_route=\/wp\/v2\/media\/5120"}],"wp:attachment":[{"href":"https:\/\/karakayateknoloji.com\/index.php?rest_route=%2Fwp%2Fv2%2Fmedia&parent=5119"}],"wp:term":[{"taxonomy":"product_cat","embeddable":true,"href":"https:\/\/karakayateknoloji.com\/index.php?rest_route=%2Fwp%2Fv2%2Fproduct_cat&post=5119"},{"taxonomy":"product_tag","embeddable":true,"href":"https:\/\/karakayateknoloji.com\/index.php?rest_route=%2Fwp%2Fv2%2Fproduct_tag&post=5119"}],"curies":[{"name":"wp","href":"https:\/\/api.w.org\/{rel}","templated":true}]}}