{"id":4950,"date":"2017-08-16T14:44:19","date_gmt":"2017-08-16T11:44:19","guid":{"rendered":"http:\/\/www.karakayateknoloji.com\/?post_type=product&#038;p=4950"},"modified":"2021-02-13T21:09:04","modified_gmt":"2021-02-13T18:09:04","slug":"stp-111-kablo-tip-sicaklik-sensoru-ntc10k","status":"publish","type":"product","link":"https:\/\/karakayateknoloji.com\/?product=stp-111-kablo-tip-sicaklik-sensoru-ntc10k","title":{"rendered":"STP.111 Kablo Tip S\u0131cakl\u0131k Sens\u00f6r\u00fc, NTC10k, 6x50mm"},"content":{"rendered":"","protected":false},"excerpt":{"rendered":"","protected":false},"featured_media":4952,"comment_status":"closed","ping_status":"closed","template":"","meta":[],"product_cat":[29,133,1032],"product_tag":[],"class_list":{"0":"post-4950","1":"product","2":"type-product","3":"status-publish","4":"has-post-thumbnail","6":"product_cat-sicaklik","7":"product_cat-kablo-tip","8":"product_cat-6x50mm","9":"pa_boy-50-mm","10":"pa_capi-6-mm","11":"pa_marka-sense","13":"first","14":"instock","15":"taxable","16":"shipping-taxable","17":"product-type-simple"},"_links":{"self":[{"href":"https:\/\/karakayateknoloji.com\/index.php?rest_route=\/wp\/v2\/product\/4950","targetHints":{"allow":["GET"]}}],"collection":[{"href":"https:\/\/karakayateknoloji.com\/index.php?rest_route=\/wp\/v2\/product"}],"about":[{"href":"https:\/\/karakayateknoloji.com\/index.php?rest_route=\/wp\/v2\/types\/product"}],"replies":[{"embeddable":true,"href":"https:\/\/karakayateknoloji.com\/index.php?rest_route=%2Fwp%2Fv2%2Fcomments&post=4950"}],"wp:featuredmedia":[{"embeddable":true,"href":"https:\/\/karakayateknoloji.com\/index.php?rest_route=\/wp\/v2\/media\/4952"}],"wp:attachment":[{"href":"https:\/\/karakayateknoloji.com\/index.php?rest_route=%2Fwp%2Fv2%2Fmedia&parent=4950"}],"wp:term":[{"taxonomy":"product_cat","embeddable":true,"href":"https:\/\/karakayateknoloji.com\/index.php?rest_route=%2Fwp%2Fv2%2Fproduct_cat&post=4950"},{"taxonomy":"product_tag","embeddable":true,"href":"https:\/\/karakayateknoloji.com\/index.php?rest_route=%2Fwp%2Fv2%2Fproduct_tag&post=4950"}],"curies":[{"name":"wp","href":"https:\/\/api.w.org\/{rel}","templated":true}]}}