{"id":2890,"date":"2016-02-20T19:14:23","date_gmt":"2016-02-20T17:14:23","guid":{"rendered":"http:\/\/www.karakayateknoloji.com\/?product=str23-oda-tip-sicaklik-sensoru-ni1000"},"modified":"2023-09-19T15:25:22","modified_gmt":"2023-09-19T12:25:22","slug":"str23-oda-tip-sicaklik-sensoru-ni1000","status":"publish","type":"product","link":"https:\/\/karakayateknoloji.com\/?product=str23-oda-tip-sicaklik-sensoru-ni1000","title":{"rendered":"STR.23 Oda Tip S\u0131cakl\u0131k Sens\u00f6r\u00fc, Ni1000"},"content":{"rendered":"","protected":false},"excerpt":{"rendered":"","protected":false},"featured_media":95868,"comment_status":"open","ping_status":"closed","template":"","meta":[],"product_cat":[71],"product_tag":[911],"class_list":{"0":"post-2890","1":"product","2":"type-product","3":"status-publish","4":"has-post-thumbnail","6":"product_cat-oda-tip","7":"product_tag-sense","8":"pa_cikis-ni1000","9":"pa_koruma-sinifi-ip41","10":"pa_marka-sense","12":"first","13":"instock","14":"taxable","15":"shipping-taxable","16":"product-type-simple"},"_links":{"self":[{"href":"https:\/\/karakayateknoloji.com\/index.php?rest_route=\/wp\/v2\/product\/2890","targetHints":{"allow":["GET"]}}],"collection":[{"href":"https:\/\/karakayateknoloji.com\/index.php?rest_route=\/wp\/v2\/product"}],"about":[{"href":"https:\/\/karakayateknoloji.com\/index.php?rest_route=\/wp\/v2\/types\/product"}],"replies":[{"embeddable":true,"href":"https:\/\/karakayateknoloji.com\/index.php?rest_route=%2Fwp%2Fv2%2Fcomments&post=2890"}],"wp:featuredmedia":[{"embeddable":true,"href":"https:\/\/karakayateknoloji.com\/index.php?rest_route=\/wp\/v2\/media\/95868"}],"wp:attachment":[{"href":"https:\/\/karakayateknoloji.com\/index.php?rest_route=%2Fwp%2Fv2%2Fmedia&parent=2890"}],"wp:term":[{"taxonomy":"product_cat","embeddable":true,"href":"https:\/\/karakayateknoloji.com\/index.php?rest_route=%2Fwp%2Fv2%2Fproduct_cat&post=2890"},{"taxonomy":"product_tag","embeddable":true,"href":"https:\/\/karakayateknoloji.com\/index.php?rest_route=%2Fwp%2Fv2%2Fproduct_tag&post=2890"}],"curies":[{"name":"wp","href":"https:\/\/api.w.org\/{rel}","templated":true}]}}