{"id":104787,"date":"2025-07-28T14:57:50","date_gmt":"2025-07-28T11:57:50","guid":{"rendered":"https:\/\/karakayateknoloji.com\/?post_type=product&#038;p=104787"},"modified":"2025-07-28T14:59:18","modified_gmt":"2025-07-28T11:59:18","slug":"ldp-4-fark-basinc-sensoru-2500pa-4-20ma-2-telli","status":"publish","type":"product","link":"https:\/\/karakayateknoloji.com\/?product=ldp-4-fark-basinc-sensoru-2500pa-4-20ma-2-telli","title":{"rendered":"LDP.4 Fark Bas\u0131n\u00e7 Sens\u00f6r\u00fc, 2500pa, 4-20mA, 2 telli"},"content":{"rendered":"","protected":false},"excerpt":{"rendered":"","protected":false},"featured_media":103628,"comment_status":"open","ping_status":"closed","template":"","meta":[],"product_cat":[32,1168],"product_tag":[],"class_list":{"0":"post-104787","1":"product","2":"type-product","3":"status-publish","4":"has-post-thumbnail","6":"product_cat-fark-basinc","7":"product_cat-transmitter-4-20ma-2-telli","8":"pa_aralik_p-0-100-pa","9":"pa_aralik_p-0-1000-pa","10":"pa_aralik_p-0-1500-pa","11":"pa_aralik_p-0-2000-pa","12":"pa_aralik_p-0-250-pa","13":"pa_aralik_p-0-2500-pa","14":"pa_aralik_p-0-500-pa","15":"pa_aralik_p-0-750-pa","16":"pa_besleme-24-v-acdc","17":"pa_besleme-24vdc","18":"pa_cikis-4-20ma-2-telli","19":"pa_koruma-sinifi-ip54","20":"pa_marka-sense","22":"first","23":"instock","24":"taxable","25":"shipping-taxable","26":"product-type-simple"},"_links":{"self":[{"href":"https:\/\/karakayateknoloji.com\/index.php?rest_route=\/wp\/v2\/product\/104787","targetHints":{"allow":["GET"]}}],"collection":[{"href":"https:\/\/karakayateknoloji.com\/index.php?rest_route=\/wp\/v2\/product"}],"about":[{"href":"https:\/\/karakayateknoloji.com\/index.php?rest_route=\/wp\/v2\/types\/product"}],"replies":[{"embeddable":true,"href":"https:\/\/karakayateknoloji.com\/index.php?rest_route=%2Fwp%2Fv2%2Fcomments&post=104787"}],"wp:featuredmedia":[{"embeddable":true,"href":"https:\/\/karakayateknoloji.com\/index.php?rest_route=\/wp\/v2\/media\/103628"}],"wp:attachment":[{"href":"https:\/\/karakayateknoloji.com\/index.php?rest_route=%2Fwp%2Fv2%2Fmedia&parent=104787"}],"wp:term":[{"taxonomy":"product_cat","embeddable":true,"href":"https:\/\/karakayateknoloji.com\/index.php?rest_route=%2Fwp%2Fv2%2Fproduct_cat&post=104787"},{"taxonomy":"product_tag","embeddable":true,"href":"https:\/\/karakayateknoloji.com\/index.php?rest_route=%2Fwp%2Fv2%2Fproduct_tag&post=104787"}],"curies":[{"name":"wp","href":"https:\/\/api.w.org\/{rel}","templated":true}]}}