{"id":104785,"date":"2025-07-28T14:53:14","date_gmt":"2025-07-28T11:53:14","guid":{"rendered":"https:\/\/karakayateknoloji.com\/?post_type=product&#038;p=104785"},"modified":"2025-07-28T14:54:56","modified_gmt":"2025-07-28T11:54:56","slug":"ldp-2-fark-basinc-sensoru-1000pa-4-20ma-2-telli","status":"publish","type":"product","link":"https:\/\/karakayateknoloji.com\/?product=ldp-2-fark-basinc-sensoru-1000pa-4-20ma-2-telli","title":{"rendered":"LDP.2 Fark Bas\u0131n\u00e7 Sens\u00f6r\u00fc, 1000pa, 4-20mA, 2 telli"},"content":{"rendered":"","protected":false},"excerpt":{"rendered":"","protected":false},"featured_media":103628,"comment_status":"open","ping_status":"closed","template":"","meta":[],"product_cat":[32,1168],"product_tag":[],"class_list":{"0":"post-104785","1":"product","2":"type-product","3":"status-publish","4":"has-post-thumbnail","6":"product_cat-fark-basinc","7":"product_cat-transmitter-4-20ma-2-telli","8":"pa_aralik_p-0-100-pa","9":"pa_aralik_p-0-1000-pa","10":"pa_aralik_p-0-200-pa","11":"pa_aralik_p-0-300-pa","12":"pa_aralik_p-0-400-pa","13":"pa_aralik_p-0-500-pa","14":"pa_aralik_p-0-600-pa","15":"pa_aralik_p-0-750-pa","16":"pa_besleme-12vdc","17":"pa_besleme-24vdc","18":"pa_cikis-4-20ma-2-telli","19":"pa_koruma-sinifi-ip54","20":"pa_marka-sense","22":"first","23":"instock","24":"taxable","25":"shipping-taxable","26":"product-type-simple"},"_links":{"self":[{"href":"https:\/\/karakayateknoloji.com\/index.php?rest_route=\/wp\/v2\/product\/104785","targetHints":{"allow":["GET"]}}],"collection":[{"href":"https:\/\/karakayateknoloji.com\/index.php?rest_route=\/wp\/v2\/product"}],"about":[{"href":"https:\/\/karakayateknoloji.com\/index.php?rest_route=\/wp\/v2\/types\/product"}],"replies":[{"embeddable":true,"href":"https:\/\/karakayateknoloji.com\/index.php?rest_route=%2Fwp%2Fv2%2Fcomments&post=104785"}],"wp:featuredmedia":[{"embeddable":true,"href":"https:\/\/karakayateknoloji.com\/index.php?rest_route=\/wp\/v2\/media\/103628"}],"wp:attachment":[{"href":"https:\/\/karakayateknoloji.com\/index.php?rest_route=%2Fwp%2Fv2%2Fmedia&parent=104785"}],"wp:term":[{"taxonomy":"product_cat","embeddable":true,"href":"https:\/\/karakayateknoloji.com\/index.php?rest_route=%2Fwp%2Fv2%2Fproduct_cat&post=104785"},{"taxonomy":"product_tag","embeddable":true,"href":"https:\/\/karakayateknoloji.com\/index.php?rest_route=%2Fwp%2Fv2%2Fproduct_tag&post=104785"}],"curies":[{"name":"wp","href":"https:\/\/api.w.org\/{rel}","templated":true}]}}