{"id":104784,"date":"2025-07-28T14:48:26","date_gmt":"2025-07-28T11:48:26","guid":{"rendered":"https:\/\/karakayateknoloji.com\/?post_type=product&#038;p=104784"},"modified":"2025-07-28T14:51:28","modified_gmt":"2025-07-28T11:51:28","slug":"ldp-1-fark-basinc-sensoru-%c2%b1250pa-4-20ma-2-telli","status":"publish","type":"product","link":"https:\/\/karakayateknoloji.com\/?product=ldp-1-fark-basinc-sensoru-%c2%b1250pa-4-20ma-2-telli","title":{"rendered":"LDP.1 Fark Bas\u0131n\u00e7 Sens\u00f6r\u00fc, \u00b1250pa, 4-20mA, 2 telli"},"content":{"rendered":"","protected":false},"excerpt":{"rendered":"","protected":false},"featured_media":103628,"comment_status":"open","ping_status":"closed","template":"","meta":[],"product_cat":[32,1168],"product_tag":[],"class_list":{"0":"post-104784","1":"product","2":"type-product","3":"status-publish","4":"has-post-thumbnail","6":"product_cat-fark-basinc","7":"product_cat-transmitter-4-20ma-2-telli","8":"pa_aralik_p-100-100-pa","9":"pa_aralik_p-25-25-pa","10":"pa_aralik_p-250-250-pa","11":"pa_aralik_p-50-50-pa","12":"pa_aralik_p-0-100-pa","13":"pa_aralik_p-0-25-pa","14":"pa_aralik_p-0-250-pa","15":"pa_aralik_p-0-50-pa","16":"pa_besleme-12vdc","17":"pa_besleme-24vdc","18":"pa_cikis-4-20ma-2-telli","19":"pa_koruma-sinifi-ip54","20":"pa_marka-sense","22":"first","23":"instock","24":"taxable","25":"shipping-taxable","26":"product-type-simple"},"_links":{"self":[{"href":"https:\/\/karakayateknoloji.com\/index.php?rest_route=\/wp\/v2\/product\/104784","targetHints":{"allow":["GET"]}}],"collection":[{"href":"https:\/\/karakayateknoloji.com\/index.php?rest_route=\/wp\/v2\/product"}],"about":[{"href":"https:\/\/karakayateknoloji.com\/index.php?rest_route=\/wp\/v2\/types\/product"}],"replies":[{"embeddable":true,"href":"https:\/\/karakayateknoloji.com\/index.php?rest_route=%2Fwp%2Fv2%2Fcomments&post=104784"}],"wp:featuredmedia":[{"embeddable":true,"href":"https:\/\/karakayateknoloji.com\/index.php?rest_route=\/wp\/v2\/media\/103628"}],"wp:attachment":[{"href":"https:\/\/karakayateknoloji.com\/index.php?rest_route=%2Fwp%2Fv2%2Fmedia&parent=104784"}],"wp:term":[{"taxonomy":"product_cat","embeddable":true,"href":"https:\/\/karakayateknoloji.com\/index.php?rest_route=%2Fwp%2Fv2%2Fproduct_cat&post=104784"},{"taxonomy":"product_tag","embeddable":true,"href":"https:\/\/karakayateknoloji.com\/index.php?rest_route=%2Fwp%2Fv2%2Fproduct_tag&post=104784"}],"curies":[{"name":"wp","href":"https:\/\/api.w.org\/{rel}","templated":true}]}}