{"id":104733,"date":"2024-07-30T10:03:47","date_gmt":"2024-07-30T07:03:47","guid":{"rendered":"https:\/\/karakayateknoloji.com\/?post_type=product&#038;p=104733"},"modified":"2024-07-30T11:40:55","modified_gmt":"2024-07-30T08:40:55","slug":"climair-930-85b-222211-100-1000pa-fark-basinc-anahtari","status":"publish","type":"product","link":"https:\/\/karakayateknoloji.com\/?product=climair-930-85b-222211-100-1000pa-fark-basinc-anahtari","title":{"rendered":"930.85B Climair  222211 100-1000Pa Fark Bas\u0131n\u00e7 Anahtar\u0131"},"content":{"rendered":"<p>Prob Tak\u0131m\u0131 Dahil de\u011fildir.<\/p>\n","protected":false},"excerpt":{"rendered":"<p>Prob Tak\u0131m\u0131 Dahil de\u011fildir.<\/p>\n","protected":false},"featured_media":104730,"comment_status":"closed","ping_status":"closed","template":"","meta":[],"product_cat":[32,923],"product_tag":[],"class_list":{"0":"post-104733","1":"product","2":"type-product","3":"status-publish","4":"has-post-thumbnail","6":"product_cat-fark-basinc","7":"product_cat-switch-hava","8":"pa_aralik_p-100-1000-pa","9":"pa_cikis-kuru-kontak","10":"pa_koruma-sinifi-ip54","11":"pa_marka-beck-sensor-climair","13":"first","14":"instock","15":"taxable","16":"shipping-taxable","17":"product-type-simple"},"_links":{"self":[{"href":"https:\/\/karakayateknoloji.com\/index.php?rest_route=\/wp\/v2\/product\/104733","targetHints":{"allow":["GET"]}}],"collection":[{"href":"https:\/\/karakayateknoloji.com\/index.php?rest_route=\/wp\/v2\/product"}],"about":[{"href":"https:\/\/karakayateknoloji.com\/index.php?rest_route=\/wp\/v2\/types\/product"}],"replies":[{"embeddable":true,"href":"https:\/\/karakayateknoloji.com\/index.php?rest_route=%2Fwp%2Fv2%2Fcomments&post=104733"}],"wp:featuredmedia":[{"embeddable":true,"href":"https:\/\/karakayateknoloji.com\/index.php?rest_route=\/wp\/v2\/media\/104730"}],"wp:attachment":[{"href":"https:\/\/karakayateknoloji.com\/index.php?rest_route=%2Fwp%2Fv2%2Fmedia&parent=104733"}],"wp:term":[{"taxonomy":"product_cat","embeddable":true,"href":"https:\/\/karakayateknoloji.com\/index.php?rest_route=%2Fwp%2Fv2%2Fproduct_cat&post=104733"},{"taxonomy":"product_tag","embeddable":true,"href":"https:\/\/karakayateknoloji.com\/index.php?rest_route=%2Fwp%2Fv2%2Fproduct_tag&post=104733"}],"curies":[{"name":"wp","href":"https:\/\/api.w.org\/{rel}","templated":true}]}}