{"id":104728,"date":"2024-07-25T17:46:30","date_gmt":"2024-07-25T14:46:30","guid":{"rendered":"https:\/\/karakayateknoloji.com\/?post_type=product&#038;p=104728"},"modified":"2024-07-30T10:08:04","modified_gmt":"2024-07-30T07:08:04","slug":"930-80-climair-20-200pa-fark-basinc-anahtari","status":"publish","type":"product","link":"https:\/\/karakayateknoloji.com\/?product=930-80-climair-20-200pa-fark-basinc-anahtari","title":{"rendered":"930.80 Climair 222211 20-200Pa Fark Bas\u0131n\u00e7 Anahtar\u0131"},"content":{"rendered":"<p>Prob Tak\u0131m\u0131 Dahil de\u011fildir.<\/p>\n","protected":false},"excerpt":{"rendered":"<p>Prob Tak\u0131m\u0131 Dahil de\u011fildir.<\/p>\n","protected":false},"featured_media":104730,"comment_status":"closed","ping_status":"closed","template":"","meta":[],"product_cat":[32,923],"product_tag":[],"class_list":{"0":"post-104728","1":"product","2":"type-product","3":"status-publish","4":"has-post-thumbnail","6":"product_cat-fark-basinc","7":"product_cat-switch-hava","8":"pa_aralik_p-20-200-pa","9":"pa_cikis-kuru-kontak","10":"pa_koruma-sinifi-ip54","11":"pa_marka-beck-sensor-climair","13":"first","14":"instock","15":"taxable","16":"shipping-taxable","17":"product-type-simple"},"_links":{"self":[{"href":"https:\/\/karakayateknoloji.com\/index.php?rest_route=\/wp\/v2\/product\/104728","targetHints":{"allow":["GET"]}}],"collection":[{"href":"https:\/\/karakayateknoloji.com\/index.php?rest_route=\/wp\/v2\/product"}],"about":[{"href":"https:\/\/karakayateknoloji.com\/index.php?rest_route=\/wp\/v2\/types\/product"}],"replies":[{"embeddable":true,"href":"https:\/\/karakayateknoloji.com\/index.php?rest_route=%2Fwp%2Fv2%2Fcomments&post=104728"}],"wp:featuredmedia":[{"embeddable":true,"href":"https:\/\/karakayateknoloji.com\/index.php?rest_route=\/wp\/v2\/media\/104730"}],"wp:attachment":[{"href":"https:\/\/karakayateknoloji.com\/index.php?rest_route=%2Fwp%2Fv2%2Fmedia&parent=104728"}],"wp:term":[{"taxonomy":"product_cat","embeddable":true,"href":"https:\/\/karakayateknoloji.com\/index.php?rest_route=%2Fwp%2Fv2%2Fproduct_cat&post=104728"},{"taxonomy":"product_tag","embeddable":true,"href":"https:\/\/karakayateknoloji.com\/index.php?rest_route=%2Fwp%2Fv2%2Fproduct_tag&post=104728"}],"curies":[{"name":"wp","href":"https:\/\/api.w.org\/{rel}","templated":true}]}}