{"id":104711,"date":"2024-02-29T12:21:04","date_gmt":"2024-02-29T09:21:04","guid":{"rendered":"https:\/\/karakayateknoloji.com\/?post_type=product&#038;p=104711"},"modified":"2024-02-29T13:51:31","modified_gmt":"2024-02-29T10:51:31","slug":"swl-10-r-su-baskin-dedektoru","status":"publish","type":"product","link":"https:\/\/karakayateknoloji.com\/?product=swl-10-r-su-baskin-dedektoru","title":{"rendered":"SWL.10.R &#8211; Su Bask\u0131n Dedekt\u00f6r\u00fc"},"content":{"rendered":"","protected":false},"excerpt":{"rendered":"","protected":false},"featured_media":104713,"comment_status":"closed","ping_status":"closed","template":"","meta":[],"product_cat":[1151],"product_tag":[],"class_list":{"0":"post-104711","1":"product","2":"type-product","3":"status-publish","4":"has-post-thumbnail","6":"product_cat-su_baskin","7":"pa_besleme-24-v-acdc","8":"pa_koruma-sinifi-ip41","9":"pa_marka-sense","11":"first","12":"instock","13":"taxable","14":"shipping-taxable","15":"product-type-simple"},"_links":{"self":[{"href":"https:\/\/karakayateknoloji.com\/index.php?rest_route=\/wp\/v2\/product\/104711","targetHints":{"allow":["GET"]}}],"collection":[{"href":"https:\/\/karakayateknoloji.com\/index.php?rest_route=\/wp\/v2\/product"}],"about":[{"href":"https:\/\/karakayateknoloji.com\/index.php?rest_route=\/wp\/v2\/types\/product"}],"replies":[{"embeddable":true,"href":"https:\/\/karakayateknoloji.com\/index.php?rest_route=%2Fwp%2Fv2%2Fcomments&post=104711"}],"wp:featuredmedia":[{"embeddable":true,"href":"https:\/\/karakayateknoloji.com\/index.php?rest_route=\/wp\/v2\/media\/104713"}],"wp:attachment":[{"href":"https:\/\/karakayateknoloji.com\/index.php?rest_route=%2Fwp%2Fv2%2Fmedia&parent=104711"}],"wp:term":[{"taxonomy":"product_cat","embeddable":true,"href":"https:\/\/karakayateknoloji.com\/index.php?rest_route=%2Fwp%2Fv2%2Fproduct_cat&post=104711"},{"taxonomy":"product_tag","embeddable":true,"href":"https:\/\/karakayateknoloji.com\/index.php?rest_route=%2Fwp%2Fv2%2Fproduct_tag&post=104711"}],"curies":[{"name":"wp","href":"https:\/\/api.w.org\/{rel}","templated":true}]}}