{"id":104689,"date":"2023-09-19T12:15:45","date_gmt":"2023-09-19T09:15:45","guid":{"rendered":"https:\/\/karakayateknoloji.com\/?post_type=product&#038;p=104689"},"modified":"2023-09-19T15:11:05","modified_gmt":"2023-09-19T12:11:05","slug":"str-010-oda-tip-sicaklik-sensoru-0-10v","status":"publish","type":"product","link":"https:\/\/karakayateknoloji.com\/?product=str-010-oda-tip-sicaklik-sensoru-0-10v","title":{"rendered":"STR.010 Oda Tip S\u0131cakl\u0131k Sens\u00f6r\u00fc, 0-10V"},"content":{"rendered":"","protected":false},"excerpt":{"rendered":"","protected":false},"featured_media":95868,"comment_status":"open","ping_status":"closed","template":"","meta":[],"product_cat":[29,71],"product_tag":[911],"class_list":{"0":"post-104689","1":"product","2":"type-product","3":"status-publish","4":"has-post-thumbnail","6":"product_cat-sicaklik","7":"product_cat-oda-tip","8":"product_tag-sense","9":"pa_cikis-0-10v","10":"pa_koruma-sinifi-ip41","11":"pa_marka-sense","13":"first","14":"instock","15":"taxable","16":"shipping-taxable","17":"product-type-simple"},"_links":{"self":[{"href":"https:\/\/karakayateknoloji.com\/index.php?rest_route=\/wp\/v2\/product\/104689","targetHints":{"allow":["GET"]}}],"collection":[{"href":"https:\/\/karakayateknoloji.com\/index.php?rest_route=\/wp\/v2\/product"}],"about":[{"href":"https:\/\/karakayateknoloji.com\/index.php?rest_route=\/wp\/v2\/types\/product"}],"replies":[{"embeddable":true,"href":"https:\/\/karakayateknoloji.com\/index.php?rest_route=%2Fwp%2Fv2%2Fcomments&post=104689"}],"wp:featuredmedia":[{"embeddable":true,"href":"https:\/\/karakayateknoloji.com\/index.php?rest_route=\/wp\/v2\/media\/95868"}],"wp:attachment":[{"href":"https:\/\/karakayateknoloji.com\/index.php?rest_route=%2Fwp%2Fv2%2Fmedia&parent=104689"}],"wp:term":[{"taxonomy":"product_cat","embeddable":true,"href":"https:\/\/karakayateknoloji.com\/index.php?rest_route=%2Fwp%2Fv2%2Fproduct_cat&post=104689"},{"taxonomy":"product_tag","embeddable":true,"href":"https:\/\/karakayateknoloji.com\/index.php?rest_route=%2Fwp%2Fv2%2Fproduct_tag&post=104689"}],"curies":[{"name":"wp","href":"https:\/\/api.w.org\/{rel}","templated":true}]}}