{"id":104638,"date":"2023-02-03T17:30:23","date_gmt":"2023-02-03T14:30:23","guid":{"rendered":"https:\/\/karakayateknoloji.com\/?post_type=product&#038;p=104638"},"modified":"2023-09-14T17:19:42","modified_gmt":"2023-09-14T14:19:42","slug":"svi-r51-voc-hava-kalite-sensoru-4-20ma-0-10v","status":"publish","type":"product","link":"https:\/\/karakayateknoloji.com\/?product=svi-r51-voc-hava-kalite-sensoru-4-20ma-0-10v","title":{"rendered":"SVI.R555 Hava Kalite Sens\u00f6r\u00fc, VOC Index + Nem + S\u0131cakl\u0131k, 3x 4-20mA"},"content":{"rendered":"","protected":false},"excerpt":{"rendered":"","protected":false},"featured_media":95868,"comment_status":"open","ping_status":"closed","template":"","meta":[],"product_cat":[1143,1146],"product_tag":[],"class_list":{"0":"post-104638","1":"product","2":"type-product","3":"status-publish","4":"has-post-thumbnail","6":"product_cat-voc-index","7":"product_cat-oda-tip-voc-index","8":"pa_aralik_c-30-70-c","9":"pa_aralik_c-0-50-c","10":"pa_aralik_c-0-100-c","11":"pa_aralik_rh-0-100-rh","12":"pa_cikis-3x-4-20ma","13":"pa_koruma-sinifi-ip65","14":"pa_marka-sense","16":"first","17":"instock","18":"taxable","19":"shipping-taxable","20":"product-type-simple"},"_links":{"self":[{"href":"https:\/\/karakayateknoloji.com\/index.php?rest_route=\/wp\/v2\/product\/104638","targetHints":{"allow":["GET"]}}],"collection":[{"href":"https:\/\/karakayateknoloji.com\/index.php?rest_route=\/wp\/v2\/product"}],"about":[{"href":"https:\/\/karakayateknoloji.com\/index.php?rest_route=\/wp\/v2\/types\/product"}],"replies":[{"embeddable":true,"href":"https:\/\/karakayateknoloji.com\/index.php?rest_route=%2Fwp%2Fv2%2Fcomments&post=104638"}],"wp:featuredmedia":[{"embeddable":true,"href":"https:\/\/karakayateknoloji.com\/index.php?rest_route=\/wp\/v2\/media\/95868"}],"wp:attachment":[{"href":"https:\/\/karakayateknoloji.com\/index.php?rest_route=%2Fwp%2Fv2%2Fmedia&parent=104638"}],"wp:term":[{"taxonomy":"product_cat","embeddable":true,"href":"https:\/\/karakayateknoloji.com\/index.php?rest_route=%2Fwp%2Fv2%2Fproduct_cat&post=104638"},{"taxonomy":"product_tag","embeddable":true,"href":"https:\/\/karakayateknoloji.com\/index.php?rest_route=%2Fwp%2Fv2%2Fproduct_tag&post=104638"}],"curies":[{"name":"wp","href":"https:\/\/api.w.org\/{rel}","templated":true}]}}