{"id":104572,"date":"2021-10-04T18:17:28","date_gmt":"2021-10-04T15:17:28","guid":{"rendered":"http:\/\/karakayateknoloji.com\/?post_type=product&#038;p=104572"},"modified":"2023-03-07T14:22:58","modified_gmt":"2023-03-07T11:22:58","slug":"stc-m-kelepce-tip-sicaklik-transmitteri","status":"publish","type":"product","link":"https:\/\/karakayateknoloji.com\/?product=stc-m-kelepce-tip-sicaklik-transmitteri","title":{"rendered":"STC.M Modbus&#8217;l\u0131 Kelep\u00e7e Tip S\u0131cakl\u0131k Transmitteri"},"content":{"rendered":"","protected":false},"excerpt":{"rendered":"","protected":false},"featured_media":3678,"comment_status":"open","ping_status":"closed","template":"","meta":[],"product_cat":[29,111],"product_tag":[911],"class_list":{"0":"post-104572","1":"product","2":"type-product","3":"status-publish","4":"has-post-thumbnail","6":"product_cat-sicaklik","7":"product_cat-kelepce-tip","8":"product_tag-sense","9":"pa_besleme-24-v-acdc","10":"pa_koruma-sinifi-ip65","11":"pa_marka-sense","13":"first","14":"instock","15":"taxable","16":"shipping-taxable","17":"product-type-simple"},"_links":{"self":[{"href":"https:\/\/karakayateknoloji.com\/index.php?rest_route=\/wp\/v2\/product\/104572","targetHints":{"allow":["GET"]}}],"collection":[{"href":"https:\/\/karakayateknoloji.com\/index.php?rest_route=\/wp\/v2\/product"}],"about":[{"href":"https:\/\/karakayateknoloji.com\/index.php?rest_route=\/wp\/v2\/types\/product"}],"replies":[{"embeddable":true,"href":"https:\/\/karakayateknoloji.com\/index.php?rest_route=%2Fwp%2Fv2%2Fcomments&post=104572"}],"wp:featuredmedia":[{"embeddable":true,"href":"https:\/\/karakayateknoloji.com\/index.php?rest_route=\/wp\/v2\/media\/3678"}],"wp:attachment":[{"href":"https:\/\/karakayateknoloji.com\/index.php?rest_route=%2Fwp%2Fv2%2Fmedia&parent=104572"}],"wp:term":[{"taxonomy":"product_cat","embeddable":true,"href":"https:\/\/karakayateknoloji.com\/index.php?rest_route=%2Fwp%2Fv2%2Fproduct_cat&post=104572"},{"taxonomy":"product_tag","embeddable":true,"href":"https:\/\/karakayateknoloji.com\/index.php?rest_route=%2Fwp%2Fv2%2Fproduct_tag&post=104572"}],"curies":[{"name":"wp","href":"https:\/\/api.w.org\/{rel}","templated":true}]}}