{"id":104571,"date":"2021-10-04T18:11:43","date_gmt":"2021-10-04T15:11:43","guid":{"rendered":"http:\/\/karakayateknoloji.com\/?post_type=product&#038;p=104571"},"modified":"2023-03-07T14:19:38","modified_gmt":"2023-03-07T11:19:38","slug":"std-m4-modbusli-kanal-tip-sicaklik-transmitteri","status":"publish","type":"product","link":"https:\/\/karakayateknoloji.com\/?product=std-m4-modbusli-kanal-tip-sicaklik-transmitteri","title":{"rendered":"STD.M4 Modbus&#8217;l\u0131 Kanal Tip S\u0131cakl\u0131k Transmitteri"},"content":{"rendered":"","protected":false},"excerpt":{"rendered":"","protected":false},"featured_media":3676,"comment_status":"open","ping_status":"closed","template":"","meta":[],"product_cat":[29,53],"product_tag":[911],"class_list":{"0":"post-104571","1":"product","2":"type-product","3":"status-publish","4":"has-post-thumbnail","6":"product_cat-sicaklik","7":"product_cat-kanal-tip","8":"product_tag-sense","9":"pa_besleme-24-v-acdc","10":"pa_boy-200mm","11":"pa_koruma-sinifi-ip65","12":"pa_marka-sense","14":"first","15":"instock","16":"taxable","17":"shipping-taxable","18":"product-type-simple"},"_links":{"self":[{"href":"https:\/\/karakayateknoloji.com\/index.php?rest_route=\/wp\/v2\/product\/104571","targetHints":{"allow":["GET"]}}],"collection":[{"href":"https:\/\/karakayateknoloji.com\/index.php?rest_route=\/wp\/v2\/product"}],"about":[{"href":"https:\/\/karakayateknoloji.com\/index.php?rest_route=\/wp\/v2\/types\/product"}],"replies":[{"embeddable":true,"href":"https:\/\/karakayateknoloji.com\/index.php?rest_route=%2Fwp%2Fv2%2Fcomments&post=104571"}],"wp:featuredmedia":[{"embeddable":true,"href":"https:\/\/karakayateknoloji.com\/index.php?rest_route=\/wp\/v2\/media\/3676"}],"wp:attachment":[{"href":"https:\/\/karakayateknoloji.com\/index.php?rest_route=%2Fwp%2Fv2%2Fmedia&parent=104571"}],"wp:term":[{"taxonomy":"product_cat","embeddable":true,"href":"https:\/\/karakayateknoloji.com\/index.php?rest_route=%2Fwp%2Fv2%2Fproduct_cat&post=104571"},{"taxonomy":"product_tag","embeddable":true,"href":"https:\/\/karakayateknoloji.com\/index.php?rest_route=%2Fwp%2Fv2%2Fproduct_tag&post=104571"}],"curies":[{"name":"wp","href":"https:\/\/api.w.org\/{rel}","templated":true}]}}