{"id":104015,"date":"2021-02-13T18:04:32","date_gmt":"2021-02-13T15:04:32","guid":{"rendered":"http:\/\/karakayateknoloji.com\/?post_type=product&#038;p=104015"},"modified":"2021-10-04T21:56:06","modified_gmt":"2021-10-04T18:56:06","slug":"stw-16-duvar-tip-sicaklik-sensoru-ntc20k","status":"publish","type":"product","link":"https:\/\/karakayateknoloji.com\/?product=stw-16-duvar-tip-sicaklik-sensoru-ntc20k","title":{"rendered":"STW.16 Duvar Tip S\u0131cakl\u0131k Sens\u00f6r\u00fc, NTC20k"},"content":{"rendered":"","protected":false},"excerpt":{"rendered":"","protected":false},"featured_media":3675,"comment_status":"open","ping_status":"closed","template":"","meta":[],"product_cat":[29,1004],"product_tag":[],"class_list":{"0":"post-104015","1":"product","2":"type-product","3":"status-publish","4":"has-post-thumbnail","6":"product_cat-sicaklik","7":"product_cat-duvar-tip-sicaklik","8":"pa_cikis-ntc20k","9":"pa_koruma-sinifi-ip65","10":"pa_marka-sense","12":"first","13":"instock","14":"taxable","15":"shipping-taxable","16":"product-type-simple"},"_links":{"self":[{"href":"https:\/\/karakayateknoloji.com\/index.php?rest_route=\/wp\/v2\/product\/104015","targetHints":{"allow":["GET"]}}],"collection":[{"href":"https:\/\/karakayateknoloji.com\/index.php?rest_route=\/wp\/v2\/product"}],"about":[{"href":"https:\/\/karakayateknoloji.com\/index.php?rest_route=\/wp\/v2\/types\/product"}],"replies":[{"embeddable":true,"href":"https:\/\/karakayateknoloji.com\/index.php?rest_route=%2Fwp%2Fv2%2Fcomments&post=104015"}],"wp:featuredmedia":[{"embeddable":true,"href":"https:\/\/karakayateknoloji.com\/index.php?rest_route=\/wp\/v2\/media\/3675"}],"wp:attachment":[{"href":"https:\/\/karakayateknoloji.com\/index.php?rest_route=%2Fwp%2Fv2%2Fmedia&parent=104015"}],"wp:term":[{"taxonomy":"product_cat","embeddable":true,"href":"https:\/\/karakayateknoloji.com\/index.php?rest_route=%2Fwp%2Fv2%2Fproduct_cat&post=104015"},{"taxonomy":"product_tag","embeddable":true,"href":"https:\/\/karakayateknoloji.com\/index.php?rest_route=%2Fwp%2Fv2%2Fproduct_tag&post=104015"}],"curies":[{"name":"wp","href":"https:\/\/api.w.org\/{rel}","templated":true}]}}