{"id":104002,"date":"2021-02-13T16:56:43","date_gmt":"2021-02-13T13:56:43","guid":{"rendered":"http:\/\/karakayateknoloji.com\/?post_type=product&#038;p=104002"},"modified":"2021-10-04T21:49:24","modified_gmt":"2021-10-04T18:49:24","slug":"sto-13-dis-hava-sicaklik-sensoru-ntc3k","status":"publish","type":"product","link":"https:\/\/karakayateknoloji.com\/?product=sto-13-dis-hava-sicaklik-sensoru-ntc3k","title":{"rendered":"STO.13 D\u0131\u015f Hava S\u0131cakl\u0131k Sens\u00f6r\u00fc, NTC3k"},"content":{"rendered":"","protected":false},"excerpt":{"rendered":"","protected":false},"featured_media":3675,"comment_status":"open","ping_status":"closed","template":"","meta":[],"product_cat":[29,131],"product_tag":[911],"class_list":{"0":"post-104002","1":"product","2":"type-product","3":"status-publish","4":"has-post-thumbnail","6":"product_cat-sicaklik","7":"product_cat-dis-hava-sicaklik","8":"product_tag-sense","9":"pa_cikis-ntc3k","10":"pa_koruma-sinifi-ip65","11":"pa_marka-sense","13":"first","14":"instock","15":"taxable","16":"shipping-taxable","17":"product-type-simple"},"_links":{"self":[{"href":"https:\/\/karakayateknoloji.com\/index.php?rest_route=\/wp\/v2\/product\/104002","targetHints":{"allow":["GET"]}}],"collection":[{"href":"https:\/\/karakayateknoloji.com\/index.php?rest_route=\/wp\/v2\/product"}],"about":[{"href":"https:\/\/karakayateknoloji.com\/index.php?rest_route=\/wp\/v2\/types\/product"}],"replies":[{"embeddable":true,"href":"https:\/\/karakayateknoloji.com\/index.php?rest_route=%2Fwp%2Fv2%2Fcomments&post=104002"}],"wp:featuredmedia":[{"embeddable":true,"href":"https:\/\/karakayateknoloji.com\/index.php?rest_route=\/wp\/v2\/media\/3675"}],"wp:attachment":[{"href":"https:\/\/karakayateknoloji.com\/index.php?rest_route=%2Fwp%2Fv2%2Fmedia&parent=104002"}],"wp:term":[{"taxonomy":"product_cat","embeddable":true,"href":"https:\/\/karakayateknoloji.com\/index.php?rest_route=%2Fwp%2Fv2%2Fproduct_cat&post=104002"},{"taxonomy":"product_tag","embeddable":true,"href":"https:\/\/karakayateknoloji.com\/index.php?rest_route=%2Fwp%2Fv2%2Fproduct_tag&post=104002"}],"curies":[{"name":"wp","href":"https:\/\/api.w.org\/{rel}","templated":true}]}}