{"id":103996,"date":"2021-02-13T16:52:36","date_gmt":"2021-02-13T13:52:36","guid":{"rendered":"http:\/\/karakayateknoloji.com\/?post_type=product&#038;p=103996"},"modified":"2023-09-14T11:28:36","modified_gmt":"2023-09-14T08:28:36","slug":"sto23-dis-hava-sicaklik-sensoru-ni1000","status":"publish","type":"product","link":"https:\/\/karakayateknoloji.com\/?product=sto23-dis-hava-sicaklik-sensoru-ni1000","title":{"rendered":"STO.23 D\u0131\u015f Hava S\u0131cakl\u0131k Sens\u00f6r\u00fc, Ni1000"},"content":{"rendered":"","protected":false},"excerpt":{"rendered":"","protected":false},"featured_media":3675,"comment_status":"open","ping_status":"closed","template":"","meta":[],"product_cat":[131],"product_tag":[911],"class_list":{"0":"post-103996","1":"product","2":"type-product","3":"status-publish","4":"has-post-thumbnail","6":"product_cat-dis-hava-sicaklik","7":"product_tag-sense","8":"pa_cikis-ni1000","9":"pa_koruma-sinifi-ip67","10":"pa_marka-sense","12":"first","13":"instock","14":"taxable","15":"shipping-taxable","16":"product-type-simple"},"_links":{"self":[{"href":"https:\/\/karakayateknoloji.com\/index.php?rest_route=\/wp\/v2\/product\/103996","targetHints":{"allow":["GET"]}}],"collection":[{"href":"https:\/\/karakayateknoloji.com\/index.php?rest_route=\/wp\/v2\/product"}],"about":[{"href":"https:\/\/karakayateknoloji.com\/index.php?rest_route=\/wp\/v2\/types\/product"}],"replies":[{"embeddable":true,"href":"https:\/\/karakayateknoloji.com\/index.php?rest_route=%2Fwp%2Fv2%2Fcomments&post=103996"}],"wp:featuredmedia":[{"embeddable":true,"href":"https:\/\/karakayateknoloji.com\/index.php?rest_route=\/wp\/v2\/media\/3675"}],"wp:attachment":[{"href":"https:\/\/karakayateknoloji.com\/index.php?rest_route=%2Fwp%2Fv2%2Fmedia&parent=103996"}],"wp:term":[{"taxonomy":"product_cat","embeddable":true,"href":"https:\/\/karakayateknoloji.com\/index.php?rest_route=%2Fwp%2Fv2%2Fproduct_cat&post=103996"},{"taxonomy":"product_tag","embeddable":true,"href":"https:\/\/karakayateknoloji.com\/index.php?rest_route=%2Fwp%2Fv2%2Fproduct_tag&post=103996"}],"curies":[{"name":"wp","href":"https:\/\/api.w.org\/{rel}","templated":true}]}}