{"id":103993,"date":"2021-02-13T16:42:38","date_gmt":"2021-02-13T13:42:38","guid":{"rendered":"http:\/\/karakayateknoloji.com\/?post_type=product&#038;p=103993"},"modified":"2021-10-04T21:51:13","modified_gmt":"2021-10-04T18:51:13","slug":"sto-32-dis-hava-sicaklik-sensoru-4-20ma-3-telli","status":"publish","type":"product","link":"https:\/\/karakayateknoloji.com\/?product=sto-32-dis-hava-sicaklik-sensoru-4-20ma-3-telli","title":{"rendered":"STO.32 D\u0131\u015f Hava S\u0131cakl\u0131k Sens\u00f6r\u00fc, 4-20mA, 3-Telli"},"content":{"rendered":"","protected":false},"excerpt":{"rendered":"","protected":false},"featured_media":3675,"comment_status":"open","ping_status":"closed","template":"","meta":[],"product_cat":[29,131],"product_tag":[911],"class_list":{"0":"post-103993","1":"product","2":"type-product","3":"status-publish","4":"has-post-thumbnail","6":"product_cat-sicaklik","7":"product_cat-dis-hava-sicaklik","8":"product_tag-sense","9":"pa_besleme-24-v-acdc","10":"pa_cikis-4-20ma","11":"pa_koruma-sinifi-ip65","12":"pa_marka-sense","14":"first","15":"instock","16":"taxable","17":"shipping-taxable","18":"product-type-simple"},"_links":{"self":[{"href":"https:\/\/karakayateknoloji.com\/index.php?rest_route=\/wp\/v2\/product\/103993","targetHints":{"allow":["GET"]}}],"collection":[{"href":"https:\/\/karakayateknoloji.com\/index.php?rest_route=\/wp\/v2\/product"}],"about":[{"href":"https:\/\/karakayateknoloji.com\/index.php?rest_route=\/wp\/v2\/types\/product"}],"replies":[{"embeddable":true,"href":"https:\/\/karakayateknoloji.com\/index.php?rest_route=%2Fwp%2Fv2%2Fcomments&post=103993"}],"wp:featuredmedia":[{"embeddable":true,"href":"https:\/\/karakayateknoloji.com\/index.php?rest_route=\/wp\/v2\/media\/3675"}],"wp:attachment":[{"href":"https:\/\/karakayateknoloji.com\/index.php?rest_route=%2Fwp%2Fv2%2Fmedia&parent=103993"}],"wp:term":[{"taxonomy":"product_cat","embeddable":true,"href":"https:\/\/karakayateknoloji.com\/index.php?rest_route=%2Fwp%2Fv2%2Fproduct_cat&post=103993"},{"taxonomy":"product_tag","embeddable":true,"href":"https:\/\/karakayateknoloji.com\/index.php?rest_route=%2Fwp%2Fv2%2Fproduct_tag&post=103993"}],"curies":[{"name":"wp","href":"https:\/\/api.w.org\/{rel}","templated":true}]}}