{"id":103992,"date":"2021-02-13T16:42:11","date_gmt":"2021-02-13T13:42:11","guid":{"rendered":"http:\/\/karakayateknoloji.com\/?post_type=product&#038;p=103992"},"modified":"2021-10-04T21:51:40","modified_gmt":"2021-10-04T18:51:40","slug":"sto-41-dis-hava-sicaklik-sensoru-0-10v-3-telli","status":"publish","type":"product","link":"https:\/\/karakayateknoloji.com\/?product=sto-41-dis-hava-sicaklik-sensoru-0-10v-3-telli","title":{"rendered":"STO.41 D\u0131\u015f Hava S\u0131cakl\u0131k Sens\u00f6r\u00fc, 0-10V, 3 Telli"},"content":{"rendered":"","protected":false},"excerpt":{"rendered":"","protected":false},"featured_media":3675,"comment_status":"open","ping_status":"closed","template":"","meta":[],"product_cat":[29,131],"product_tag":[911],"class_list":{"0":"post-103992","1":"product","2":"type-product","3":"status-publish","4":"has-post-thumbnail","6":"product_cat-sicaklik","7":"product_cat-dis-hava-sicaklik","8":"product_tag-sense","9":"pa_besleme-24-v-acdc","10":"pa_cikis-0-10v","11":"pa_cikis-0-5v","12":"pa_cikis-1-5v","13":"pa_cikis-2-10v","14":"pa_koruma-sinifi-ip65","15":"pa_marka-sense","17":"first","18":"instock","19":"taxable","20":"shipping-taxable","21":"product-type-simple"},"_links":{"self":[{"href":"https:\/\/karakayateknoloji.com\/index.php?rest_route=\/wp\/v2\/product\/103992","targetHints":{"allow":["GET"]}}],"collection":[{"href":"https:\/\/karakayateknoloji.com\/index.php?rest_route=\/wp\/v2\/product"}],"about":[{"href":"https:\/\/karakayateknoloji.com\/index.php?rest_route=\/wp\/v2\/types\/product"}],"replies":[{"embeddable":true,"href":"https:\/\/karakayateknoloji.com\/index.php?rest_route=%2Fwp%2Fv2%2Fcomments&post=103992"}],"wp:featuredmedia":[{"embeddable":true,"href":"https:\/\/karakayateknoloji.com\/index.php?rest_route=\/wp\/v2\/media\/3675"}],"wp:attachment":[{"href":"https:\/\/karakayateknoloji.com\/index.php?rest_route=%2Fwp%2Fv2%2Fmedia&parent=103992"}],"wp:term":[{"taxonomy":"product_cat","embeddable":true,"href":"https:\/\/karakayateknoloji.com\/index.php?rest_route=%2Fwp%2Fv2%2Fproduct_cat&post=103992"},{"taxonomy":"product_tag","embeddable":true,"href":"https:\/\/karakayateknoloji.com\/index.php?rest_route=%2Fwp%2Fv2%2Fproduct_tag&post=103992"}],"curies":[{"name":"wp","href":"https:\/\/api.w.org\/{rel}","templated":true}]}}