{"id":103984,"date":"2021-02-13T16:07:01","date_gmt":"2021-02-13T13:07:01","guid":{"rendered":"http:\/\/karakayateknoloji.com\/?post_type=product&#038;p=103984"},"modified":"2021-02-13T18:40:52","modified_gmt":"2021-02-13T15:40:52","slug":"stc-15-kelepce-tip-sicaklik-sensoru-ntc10k","status":"publish","type":"product","link":"https:\/\/karakayateknoloji.com\/?product=stc-15-kelepce-tip-sicaklik-sensoru-ntc10k","title":{"rendered":"STC.15 Kelep\u00e7e Tip S\u0131cakl\u0131k Sens\u00f6r\u00fc, NTC10k"},"content":{"rendered":"","protected":false},"excerpt":{"rendered":"","protected":false},"featured_media":3678,"comment_status":"open","ping_status":"closed","template":"","meta":[],"product_cat":[29,111],"product_tag":[911],"class_list":{"0":"post-103984","1":"product","2":"type-product","3":"status-publish","4":"has-post-thumbnail","6":"product_cat-sicaklik","7":"product_cat-kelepce-tip","8":"product_tag-sense","9":"pa_cikis-ntc10k","10":"pa_koruma-sinifi-ip65","11":"pa_marka-sense","13":"first","14":"instock","15":"taxable","16":"shipping-taxable","17":"product-type-simple"},"_links":{"self":[{"href":"https:\/\/karakayateknoloji.com\/index.php?rest_route=\/wp\/v2\/product\/103984","targetHints":{"allow":["GET"]}}],"collection":[{"href":"https:\/\/karakayateknoloji.com\/index.php?rest_route=\/wp\/v2\/product"}],"about":[{"href":"https:\/\/karakayateknoloji.com\/index.php?rest_route=\/wp\/v2\/types\/product"}],"replies":[{"embeddable":true,"href":"https:\/\/karakayateknoloji.com\/index.php?rest_route=%2Fwp%2Fv2%2Fcomments&post=103984"}],"wp:featuredmedia":[{"embeddable":true,"href":"https:\/\/karakayateknoloji.com\/index.php?rest_route=\/wp\/v2\/media\/3678"}],"wp:attachment":[{"href":"https:\/\/karakayateknoloji.com\/index.php?rest_route=%2Fwp%2Fv2%2Fmedia&parent=103984"}],"wp:term":[{"taxonomy":"product_cat","embeddable":true,"href":"https:\/\/karakayateknoloji.com\/index.php?rest_route=%2Fwp%2Fv2%2Fproduct_cat&post=103984"},{"taxonomy":"product_tag","embeddable":true,"href":"https:\/\/karakayateknoloji.com\/index.php?rest_route=%2Fwp%2Fv2%2Fproduct_tag&post=103984"}],"curies":[{"name":"wp","href":"https:\/\/api.w.org\/{rel}","templated":true}]}}