{"id":103980,"date":"2021-02-13T16:04:47","date_gmt":"2021-02-13T13:04:47","guid":{"rendered":"http:\/\/karakayateknoloji.com\/?post_type=product&#038;p=103980"},"modified":"2021-10-04T18:52:13","modified_gmt":"2021-10-04T15:52:13","slug":"stc23-kelepce-tip-sicaklik-sensoru-ni1000-kopya","status":"publish","type":"product","link":"https:\/\/karakayateknoloji.com\/?product=stc23-kelepce-tip-sicaklik-sensoru-ni1000-kopya","title":{"rendered":"STC.23 Kelep\u00e7e Tip S\u0131cakl\u0131k Sens\u00f6r\u00fc, Ni1000"},"content":{"rendered":"","protected":false},"excerpt":{"rendered":"","protected":false},"featured_media":3678,"comment_status":"open","ping_status":"closed","template":"","meta":[],"product_cat":[111],"product_tag":[911],"class_list":{"0":"post-103980","1":"product","2":"type-product","3":"status-publish","4":"has-post-thumbnail","6":"product_cat-kelepce-tip","7":"product_tag-sense","8":"pa_cikis-ni1000","9":"pa_koruma-sinifi-ip67","10":"pa_marka-sense","12":"first","13":"instock","14":"taxable","15":"shipping-taxable","16":"product-type-simple"},"_links":{"self":[{"href":"https:\/\/karakayateknoloji.com\/index.php?rest_route=\/wp\/v2\/product\/103980","targetHints":{"allow":["GET"]}}],"collection":[{"href":"https:\/\/karakayateknoloji.com\/index.php?rest_route=\/wp\/v2\/product"}],"about":[{"href":"https:\/\/karakayateknoloji.com\/index.php?rest_route=\/wp\/v2\/types\/product"}],"replies":[{"embeddable":true,"href":"https:\/\/karakayateknoloji.com\/index.php?rest_route=%2Fwp%2Fv2%2Fcomments&post=103980"}],"wp:featuredmedia":[{"embeddable":true,"href":"https:\/\/karakayateknoloji.com\/index.php?rest_route=\/wp\/v2\/media\/3678"}],"wp:attachment":[{"href":"https:\/\/karakayateknoloji.com\/index.php?rest_route=%2Fwp%2Fv2%2Fmedia&parent=103980"}],"wp:term":[{"taxonomy":"product_cat","embeddable":true,"href":"https:\/\/karakayateknoloji.com\/index.php?rest_route=%2Fwp%2Fv2%2Fproduct_cat&post=103980"},{"taxonomy":"product_tag","embeddable":true,"href":"https:\/\/karakayateknoloji.com\/index.php?rest_route=%2Fwp%2Fv2%2Fproduct_tag&post=103980"}],"curies":[{"name":"wp","href":"https:\/\/api.w.org\/{rel}","templated":true}]}}