{"id":103958,"date":"2021-02-13T15:28:48","date_gmt":"2021-02-13T12:28:48","guid":{"rendered":"http:\/\/karakayateknoloji.com\/?post_type=product&#038;p=103958"},"modified":"2021-10-04T18:45:23","modified_gmt":"2021-10-04T15:45:23","slug":"sti-232-daldirma-tip-sicaklik-sensoru-ni1000-kopya","status":"publish","type":"product","link":"https:\/\/karakayateknoloji.com\/?product=sti-232-daldirma-tip-sicaklik-sensoru-ni1000-kopya","title":{"rendered":"STI.232 Dald\u0131rma Tip S\u0131cakl\u0131k Sens\u00f6r\u00fc, Ni1000"},"content":{"rendered":"","protected":false},"excerpt":{"rendered":"","protected":false},"featured_media":3674,"comment_status":"open","ping_status":"closed","template":"","meta":[],"product_cat":[52],"product_tag":[911],"class_list":{"0":"post-103958","1":"product","2":"type-product","3":"status-publish","4":"has-post-thumbnail","6":"product_cat-daldirma-tip","7":"product_tag-sense","8":"pa_aralik_c-50-180-c","9":"pa_boy-100mm","10":"pa_cikis-ni1000","11":"pa_koruma-sinifi-ip67","12":"pa_marka-sense","14":"first","15":"instock","16":"taxable","17":"shipping-taxable","18":"product-type-simple"},"_links":{"self":[{"href":"https:\/\/karakayateknoloji.com\/index.php?rest_route=\/wp\/v2\/product\/103958","targetHints":{"allow":["GET"]}}],"collection":[{"href":"https:\/\/karakayateknoloji.com\/index.php?rest_route=\/wp\/v2\/product"}],"about":[{"href":"https:\/\/karakayateknoloji.com\/index.php?rest_route=\/wp\/v2\/types\/product"}],"replies":[{"embeddable":true,"href":"https:\/\/karakayateknoloji.com\/index.php?rest_route=%2Fwp%2Fv2%2Fcomments&post=103958"}],"wp:featuredmedia":[{"embeddable":true,"href":"https:\/\/karakayateknoloji.com\/index.php?rest_route=\/wp\/v2\/media\/3674"}],"wp:attachment":[{"href":"https:\/\/karakayateknoloji.com\/index.php?rest_route=%2Fwp%2Fv2%2Fmedia&parent=103958"}],"wp:term":[{"taxonomy":"product_cat","embeddable":true,"href":"https:\/\/karakayateknoloji.com\/index.php?rest_route=%2Fwp%2Fv2%2Fproduct_cat&post=103958"},{"taxonomy":"product_tag","embeddable":true,"href":"https:\/\/karakayateknoloji.com\/index.php?rest_route=%2Fwp%2Fv2%2Fproduct_tag&post=103958"}],"curies":[{"name":"wp","href":"https:\/\/api.w.org\/{rel}","templated":true}]}}