{"id":103950,"date":"2021-02-13T14:51:47","date_gmt":"2021-02-13T11:51:47","guid":{"rendered":"http:\/\/karakayateknoloji.com\/?post_type=product&#038;p=103950"},"modified":"2021-02-13T15:08:25","modified_gmt":"2021-02-13T12:08:25","slug":"std-114-kanal-tip-sicaklik-sensoru-ntc18k-kopya","status":"publish","type":"product","link":"https:\/\/karakayateknoloji.com\/?product=std-114-kanal-tip-sicaklik-sensoru-ntc18k-kopya","title":{"rendered":"STD.114 Kanal Tip S\u0131cakl\u0131k Sens\u00f6r\u00fc, NTC1,8k"},"content":{"rendered":"","protected":false},"excerpt":{"rendered":"","protected":false},"featured_media":3676,"comment_status":"open","ping_status":"closed","template":"","meta":[],"product_cat":[29,53],"product_tag":[911],"class_list":{"0":"post-103950","1":"product","2":"type-product","3":"status-publish","4":"has-post-thumbnail","6":"product_cat-sicaklik","7":"product_cat-kanal-tip","8":"product_tag-sense","9":"pa_boy-200mm","10":"pa_cikis-ntc18k","11":"pa_koruma-sinifi-ip65","12":"pa_marka-sense","14":"first","15":"instock","16":"taxable","17":"shipping-taxable","18":"product-type-simple"},"_links":{"self":[{"href":"https:\/\/karakayateknoloji.com\/index.php?rest_route=\/wp\/v2\/product\/103950","targetHints":{"allow":["GET"]}}],"collection":[{"href":"https:\/\/karakayateknoloji.com\/index.php?rest_route=\/wp\/v2\/product"}],"about":[{"href":"https:\/\/karakayateknoloji.com\/index.php?rest_route=\/wp\/v2\/types\/product"}],"replies":[{"embeddable":true,"href":"https:\/\/karakayateknoloji.com\/index.php?rest_route=%2Fwp%2Fv2%2Fcomments&post=103950"}],"wp:featuredmedia":[{"embeddable":true,"href":"https:\/\/karakayateknoloji.com\/index.php?rest_route=\/wp\/v2\/media\/3676"}],"wp:attachment":[{"href":"https:\/\/karakayateknoloji.com\/index.php?rest_route=%2Fwp%2Fv2%2Fmedia&parent=103950"}],"wp:term":[{"taxonomy":"product_cat","embeddable":true,"href":"https:\/\/karakayateknoloji.com\/index.php?rest_route=%2Fwp%2Fv2%2Fproduct_cat&post=103950"},{"taxonomy":"product_tag","embeddable":true,"href":"https:\/\/karakayateknoloji.com\/index.php?rest_route=%2Fwp%2Fv2%2Fproduct_tag&post=103950"}],"curies":[{"name":"wp","href":"https:\/\/api.w.org\/{rel}","templated":true}]}}