{"id":103946,"date":"2021-02-13T14:49:02","date_gmt":"2021-02-13T11:49:02","guid":{"rendered":"http:\/\/karakayateknoloji.com\/?post_type=product&#038;p=103946"},"modified":"2021-03-31T17:23:49","modified_gmt":"2021-03-31T14:23:49","slug":"std-144-kanal-tip-sicaklik-sensoru-ntc5k-kopya","status":"publish","type":"product","link":"https:\/\/karakayateknoloji.com\/?product=std-144-kanal-tip-sicaklik-sensoru-ntc5k-kopya","title":{"rendered":"STD.144 Kanal Tip S\u0131cakl\u0131k Sens\u00f6r\u00fc, NTC5k"},"content":{"rendered":"","protected":false},"excerpt":{"rendered":"","protected":false},"featured_media":3676,"comment_status":"open","ping_status":"closed","template":"","meta":[],"product_cat":[29,53],"product_tag":[911],"class_list":{"0":"post-103946","1":"product","2":"type-product","3":"status-publish","4":"has-post-thumbnail","6":"product_cat-sicaklik","7":"product_cat-kanal-tip","8":"product_tag-sense","9":"pa_boy-200mm","10":"pa_cikis-ntc5k","11":"pa_koruma-sinifi-ip65","12":"pa_marka-sense","14":"first","15":"instock","16":"taxable","17":"shipping-taxable","18":"product-type-simple"},"_links":{"self":[{"href":"https:\/\/karakayateknoloji.com\/index.php?rest_route=\/wp\/v2\/product\/103946","targetHints":{"allow":["GET"]}}],"collection":[{"href":"https:\/\/karakayateknoloji.com\/index.php?rest_route=\/wp\/v2\/product"}],"about":[{"href":"https:\/\/karakayateknoloji.com\/index.php?rest_route=\/wp\/v2\/types\/product"}],"replies":[{"embeddable":true,"href":"https:\/\/karakayateknoloji.com\/index.php?rest_route=%2Fwp%2Fv2%2Fcomments&post=103946"}],"wp:featuredmedia":[{"embeddable":true,"href":"https:\/\/karakayateknoloji.com\/index.php?rest_route=\/wp\/v2\/media\/3676"}],"wp:attachment":[{"href":"https:\/\/karakayateknoloji.com\/index.php?rest_route=%2Fwp%2Fv2%2Fmedia&parent=103946"}],"wp:term":[{"taxonomy":"product_cat","embeddable":true,"href":"https:\/\/karakayateknoloji.com\/index.php?rest_route=%2Fwp%2Fv2%2Fproduct_cat&post=103946"},{"taxonomy":"product_tag","embeddable":true,"href":"https:\/\/karakayateknoloji.com\/index.php?rest_route=%2Fwp%2Fv2%2Fproduct_tag&post=103946"}],"curies":[{"name":"wp","href":"https:\/\/api.w.org\/{rel}","templated":true}]}}