{"id":103890,"date":"2021-02-12T09:44:36","date_gmt":"2021-02-12T06:44:36","guid":{"rendered":"http:\/\/karakayateknoloji.com\/?post_type=product&#038;p=103890"},"modified":"2023-09-13T15:29:37","modified_gmt":"2023-09-13T12:29:37","slug":"sdp-451-2500pa-fark-basinc-sensoru-4-20ma-0-10v","status":"publish","type":"product","link":"https:\/\/karakayateknoloji.com\/?product=sdp-451-2500pa-fark-basinc-sensoru-4-20ma-0-10v","title":{"rendered":"SDP.451 2500pa Fark Bas\u0131n\u00e7 Sens\u00f6r\u00fc, 4-20mA \/ 0-10V"},"content":{"rendered":"","protected":false},"excerpt":{"rendered":"","protected":false},"featured_media":103850,"comment_status":"open","ping_status":"closed","template":"","meta":[],"product_cat":[32,1102,1107],"product_tag":[],"class_list":{"0":"post-103890","1":"product","2":"type-product","3":"status-publish","4":"has-post-thumbnail","6":"product_cat-fark-basinc","7":"product_cat-tek-sensor","8":"product_cat-2500pa","9":"pa_aralik_p-0-100-pa","10":"pa_aralik_p-0-1000-pa","11":"pa_aralik_p-0-1500-pa","12":"pa_aralik_p-0-2000-pa","13":"pa_aralik_p-0-250-pa","14":"pa_aralik_p-0-2500-pa","15":"pa_aralik_p-0-500-pa","16":"pa_aralik_p-0-750-pa","17":"pa_besleme-24-v-acdc","18":"pa_cikis-0-10v","19":"pa_cikis-4-20ma","20":"pa_koruma-sinifi-ip65","21":"pa_marka-sense","23":"first","24":"instock","25":"taxable","26":"shipping-taxable","27":"product-type-simple"},"_links":{"self":[{"href":"https:\/\/karakayateknoloji.com\/index.php?rest_route=\/wp\/v2\/product\/103890","targetHints":{"allow":["GET"]}}],"collection":[{"href":"https:\/\/karakayateknoloji.com\/index.php?rest_route=\/wp\/v2\/product"}],"about":[{"href":"https:\/\/karakayateknoloji.com\/index.php?rest_route=\/wp\/v2\/types\/product"}],"replies":[{"embeddable":true,"href":"https:\/\/karakayateknoloji.com\/index.php?rest_route=%2Fwp%2Fv2%2Fcomments&post=103890"}],"wp:featuredmedia":[{"embeddable":true,"href":"https:\/\/karakayateknoloji.com\/index.php?rest_route=\/wp\/v2\/media\/103850"}],"wp:attachment":[{"href":"https:\/\/karakayateknoloji.com\/index.php?rest_route=%2Fwp%2Fv2%2Fmedia&parent=103890"}],"wp:term":[{"taxonomy":"product_cat","embeddable":true,"href":"https:\/\/karakayateknoloji.com\/index.php?rest_route=%2Fwp%2Fv2%2Fproduct_cat&post=103890"},{"taxonomy":"product_tag","embeddable":true,"href":"https:\/\/karakayateknoloji.com\/index.php?rest_route=%2Fwp%2Fv2%2Fproduct_tag&post=103890"}],"curies":[{"name":"wp","href":"https:\/\/api.w.org\/{rel}","templated":true}]}}