{"id":103758,"date":"2021-02-09T09:30:46","date_gmt":"2021-02-09T06:30:46","guid":{"rendered":"http:\/\/karakayateknoloji.com\/?post_type=product&#038;p=103758"},"modified":"2021-02-23T13:18:58","modified_gmt":"2021-02-23T10:18:58","slug":"dps2500-500-2-500pa-fark-basinc-anahtari","status":"publish","type":"product","link":"https:\/\/karakayateknoloji.com\/?product=dps2500-500-2-500pa-fark-basinc-anahtari","title":{"rendered":"DPS2500 500-2.500Pa Fark Bas\u0131n\u00e7 Anahtar\u0131"},"content":{"rendered":"","protected":false},"excerpt":{"rendered":"","protected":false},"featured_media":103780,"comment_status":"closed","ping_status":"closed","template":"","meta":[],"product_cat":[32,923],"product_tag":[],"class_list":{"0":"post-103758","1":"product","2":"type-product","3":"status-publish","4":"has-post-thumbnail","6":"product_cat-fark-basinc","7":"product_cat-switch-hava","8":"pa_aralik_p-500-2500-pa","9":"pa_cikis-kuru-kontak","10":"pa_koruma-sinifi-ip54","11":"pa_marka-notioncontrol","13":"first","14":"instock","15":"taxable","16":"shipping-taxable","17":"product-type-simple"},"_links":{"self":[{"href":"https:\/\/karakayateknoloji.com\/index.php?rest_route=\/wp\/v2\/product\/103758","targetHints":{"allow":["GET"]}}],"collection":[{"href":"https:\/\/karakayateknoloji.com\/index.php?rest_route=\/wp\/v2\/product"}],"about":[{"href":"https:\/\/karakayateknoloji.com\/index.php?rest_route=\/wp\/v2\/types\/product"}],"replies":[{"embeddable":true,"href":"https:\/\/karakayateknoloji.com\/index.php?rest_route=%2Fwp%2Fv2%2Fcomments&post=103758"}],"wp:featuredmedia":[{"embeddable":true,"href":"https:\/\/karakayateknoloji.com\/index.php?rest_route=\/wp\/v2\/media\/103780"}],"wp:attachment":[{"href":"https:\/\/karakayateknoloji.com\/index.php?rest_route=%2Fwp%2Fv2%2Fmedia&parent=103758"}],"wp:term":[{"taxonomy":"product_cat","embeddable":true,"href":"https:\/\/karakayateknoloji.com\/index.php?rest_route=%2Fwp%2Fv2%2Fproduct_cat&post=103758"},{"taxonomy":"product_tag","embeddable":true,"href":"https:\/\/karakayateknoloji.com\/index.php?rest_route=%2Fwp%2Fv2%2Fproduct_tag&post=103758"}],"curies":[{"name":"wp","href":"https:\/\/api.w.org\/{rel}","templated":true}]}}