{"id":103643,"date":"2021-02-08T10:33:53","date_gmt":"2021-02-08T07:33:53","guid":{"rendered":"http:\/\/karakayateknoloji.com\/?post_type=product&#038;p=103643"},"modified":"2021-02-13T23:54:20","modified_gmt":"2021-02-13T20:54:20","slug":"ddp-3051-%c2%b11000pa-fark-basinc-sensoru-4-20ma-0-10v","status":"publish","type":"product","link":"https:\/\/karakayateknoloji.com\/?product=ddp-3051-%c2%b11000pa-fark-basinc-sensoru-4-20ma-0-10v","title":{"rendered":"DDP.3051 \u00b11000pa Fark Bas\u0131n\u00e7 Sens\u00f6r\u00fc, 4-20mA \/ 0-10V"},"content":{"rendered":"","protected":false},"excerpt":{"rendered":"","protected":false},"featured_media":103628,"comment_status":"open","ping_status":"closed","template":"","meta":[],"product_cat":[32,1102,1106],"product_tag":[],"class_list":{"0":"post-103643","1":"product","2":"type-product","3":"status-publish","4":"has-post-thumbnail","6":"product_cat-fark-basinc","7":"product_cat-tek-sensor","8":"product_cat-1000pa","9":"pa_aralik_p-1000-1000-pa","10":"pa_aralik_p-250-250-pa","11":"pa_aralik_p-500-500-pa","12":"pa_aralik_p-750-750-pa","13":"pa_aralik_p-0-1000-pa","14":"pa_aralik_p-0-250-pa","15":"pa_aralik_p-0-500-pa","16":"pa_aralik_p-0-750-pa","17":"pa_besleme-24-v-acdc","18":"pa_cikis-0-10v","19":"pa_cikis-4-20ma","20":"pa_koruma-sinifi-ip54","21":"pa_marka-sense","23":"first","24":"instock","25":"taxable","26":"shipping-taxable","27":"product-type-simple"},"_links":{"self":[{"href":"https:\/\/karakayateknoloji.com\/index.php?rest_route=\/wp\/v2\/product\/103643","targetHints":{"allow":["GET"]}}],"collection":[{"href":"https:\/\/karakayateknoloji.com\/index.php?rest_route=\/wp\/v2\/product"}],"about":[{"href":"https:\/\/karakayateknoloji.com\/index.php?rest_route=\/wp\/v2\/types\/product"}],"replies":[{"embeddable":true,"href":"https:\/\/karakayateknoloji.com\/index.php?rest_route=%2Fwp%2Fv2%2Fcomments&post=103643"}],"wp:featuredmedia":[{"embeddable":true,"href":"https:\/\/karakayateknoloji.com\/index.php?rest_route=\/wp\/v2\/media\/103628"}],"wp:attachment":[{"href":"https:\/\/karakayateknoloji.com\/index.php?rest_route=%2Fwp%2Fv2%2Fmedia&parent=103643"}],"wp:term":[{"taxonomy":"product_cat","embeddable":true,"href":"https:\/\/karakayateknoloji.com\/index.php?rest_route=%2Fwp%2Fv2%2Fproduct_cat&post=103643"},{"taxonomy":"product_tag","embeddable":true,"href":"https:\/\/karakayateknoloji.com\/index.php?rest_route=%2Fwp%2Fv2%2Fproduct_tag&post=103643"}],"curies":[{"name":"wp","href":"https:\/\/api.w.org\/{rel}","templated":true}]}}