{"id":103103,"date":"2021-02-05T17:49:26","date_gmt":"2021-02-05T14:49:26","guid":{"rendered":"http:\/\/karakayateknoloji.com\/?post_type=product&#038;p=103103"},"modified":"2023-09-13T15:56:25","modified_gmt":"2023-09-13T12:56:25","slug":"sav-p520-hava-hizi-sensoru-20m-s-4-20ma","status":"publish","type":"product","link":"https:\/\/karakayateknoloji.com\/?product=sav-p520-hava-hizi-sensoru-20m-s-4-20ma","title":{"rendered":"SAV.P520.M Hava H\u0131z\u0131 Sens\u00f6r\u00fc, 20m\/s, 4-20mA, Modbus&#8217;l\u0131"},"content":{"rendered":"","protected":false},"excerpt":{"rendered":"","protected":false},"featured_media":103839,"comment_status":"open","ping_status":"closed","template":"","meta":[],"product_cat":[36,1067,1073],"product_tag":[],"class_list":{"0":"post-103103","1":"product","2":"type-product","3":"status-publish","4":"has-post-thumbnail","6":"product_cat-hava-hizi","7":"product_cat-prob-tip-hava-hizi","8":"product_cat-20-m-sn","9":"pa_aralik-0-20m-sn","10":"pa_cikis-4-20ma","11":"pa_marka-sense","13":"first","14":"instock","15":"taxable","16":"shipping-taxable","17":"product-type-simple"},"_links":{"self":[{"href":"https:\/\/karakayateknoloji.com\/index.php?rest_route=\/wp\/v2\/product\/103103","targetHints":{"allow":["GET"]}}],"collection":[{"href":"https:\/\/karakayateknoloji.com\/index.php?rest_route=\/wp\/v2\/product"}],"about":[{"href":"https:\/\/karakayateknoloji.com\/index.php?rest_route=\/wp\/v2\/types\/product"}],"replies":[{"embeddable":true,"href":"https:\/\/karakayateknoloji.com\/index.php?rest_route=%2Fwp%2Fv2%2Fcomments&post=103103"}],"wp:featuredmedia":[{"embeddable":true,"href":"https:\/\/karakayateknoloji.com\/index.php?rest_route=\/wp\/v2\/media\/103839"}],"wp:attachment":[{"href":"https:\/\/karakayateknoloji.com\/index.php?rest_route=%2Fwp%2Fv2%2Fmedia&parent=103103"}],"wp:term":[{"taxonomy":"product_cat","embeddable":true,"href":"https:\/\/karakayateknoloji.com\/index.php?rest_route=%2Fwp%2Fv2%2Fproduct_cat&post=103103"},{"taxonomy":"product_tag","embeddable":true,"href":"https:\/\/karakayateknoloji.com\/index.php?rest_route=%2Fwp%2Fv2%2Fproduct_tag&post=103103"}],"curies":[{"name":"wp","href":"https:\/\/api.w.org\/{rel}","templated":true}]}}