{"id":95,"date":"2015-08-06T11:17:11","date_gmt":"2015-08-06T08:17:11","guid":{"rendered":"http:\/\/www.karakayateknoloji.com\/?page_id=95"},"modified":"2016-06-13T15:36:46","modified_gmt":"2016-06-13T12:36:46","slug":"anasayfa","status":"publish","type":"page","link":"https:\/\/karakayateknoloji.com\/?page_id=95","title":{"rendered":"Sat\u0131\u015f S\u00f6zle\u015fmesi"},"content":{"rendered":"<p dir=\"ltr\" align=\"justify\"><strong>T\u00dcKET\u0130C\u0130N\u0130N HAK VE Y\u00dcK\u00dcML\u00dcL\u00dcKLER\u0130<\/strong><\/p>\n<p dir=\"ltr\" align=\"justify\"><strong>1.<\/strong> T\u00fcketici, kendisi ve sat\u0131n almak istedi\u011fi \u00fcr\u00fcn\/hizmet hakk\u0131ndaki bilgileri do\u011fru ve eksiksiz vermek durumundad\u0131r. T\u00fcketici hizmet kalitesinden en iyi \u015fekilde yaralanmak i\u00e7in s\u00f6zle\u015fmenin kendisine y\u00fcklemi\u015f oldu\u011fu t\u00fcm y\u00fck\u00fcml\u00fcl\u00fckleri eksiksiz yerine getirmelidir.<\/p>\n<p style=\"text-align: justify;\"><b><\/b><b>2.<\/b> T\u00fcketici, mesafeli sat\u0131\u015f s\u00f6zle\u015fmesinde \u00f6ng\u00f6r\u00fclen \u00f6deme plan\u0131na uygun ve \u00f6ng\u00f6r\u00fclen zamanda \u00f6demesini yerine getirmek durumundad\u0131r.<\/p>\n<p style=\"text-align: justify;\"><b><\/b><b>3.<\/b> T\u00fcketici, \u00fcr\u00fcn\u00fc teslim ald\u0131\u011f\u0131 anda kontrol etmek ve var ise vakit ge\u00e7irmeden \u00fcr\u00fcndeki kusuru bildirmek y\u00fck\u00fcml\u00fc\u011f\u00fc alt\u0131ndad\u0131r. Ancak ambalaj\u0131 a\u00e7\u0131lm\u0131\u015f, kullan\u0131lm\u0131\u015f \u00fcr\u00fcnler geri al\u0131nma kapsam\u0131nda de\u011fildir. Ta\u015f\u0131ma ile ilgili herhangi bir kusurdan kaynakl\u0131 hasarlar teslim an\u0131nda veya vakit ge\u00e7irmeden bildirilmek zorundad\u0131r.<\/p>\n<p style=\"text-align: justify;\"><b><\/b><b>4.<\/b> T\u00fcketici, hasar ve s\u00f6zle\u015fmenin y\u00fckledi\u011fi di\u011fer konularda bildirim y\u00fck\u00fcm\u00fcn\u00fc yerine getirmek zorundad\u0131r.<\/p>\n<p><b><span style=\"color: #0000ff; font-family: Arial; font-size: xx-small;\"><span style=\"color: #0000ff; font-family: Arial; font-size: xx-small;\"><span style=\"color: #0000ff; font-family: Arial; font-size: xx-small;\">\u00a0<\/span><\/span><\/span><\/b><strong>S\u0130PAR\u0130\u015e VE SATI\u015e \u015eARTLARI<\/strong><\/p>\n<p style=\"text-align: justify;\"><b>1.<\/b> \u015eirketimiz, mesai saatleri i\u00e7inde (her g\u00fcn 10:00- 18:00 aras\u0131) yap\u0131lan sipari\u015fleri g\u00fcn i\u00e7erisinde de\u011ferlendirecektir. Saat 18:00\u2019den sonra gelen sipari\u015fleri ise, takip eden i\u015f g\u00fcn\u00fc mesai saatleri dahilinde i\u015fleme alacakt\u0131r.<\/p>\n<p style=\"text-align: justify;\"><b><\/b><b>2.<\/b> T\u00fcketici, sipari\u015f ile ilgili olarak \u015eirketimiz&#8217;e vermi\u015f oldu\u011fu b\u00fct\u00fcn bilgilerin do\u011fru ve eksiksiz oldu\u011funu, gerekti\u011finde sipari\u015f bilgileri aras\u0131nda belirtilen telefon numaras\u0131 ve e-posta adresinden kendisi ile ba\u011flant\u0131 kurulabilece\u011fini kabul, beyan ve taahh\u00fct eder.<\/p>\n<p style=\"text-align: justify;\"><b><\/b><b>3.<\/b> T\u00fcketici taraf\u0131ndan verilen sipari\u015f i\u015fleminin ba\u015far\u0131yla tamamlanmas\u0131 sonras\u0131nda \u015eirketimiz t\u00fcketici taraf\u0131ndan belirtilmi\u015f olan e-posta adresine, sipari\u015f i\u015fleminin tamamlanm\u0131\u015f oldu\u011fu konusunda bilgi veren bir e-posta mesaj\u0131 g\u00f6nderecektir.<\/p>\n<p style=\"text-align: justify;\"><b><\/b><b>4.<\/b> \u015eirketimiz, satt\u0131\u011f\u0131 b\u00fct\u00fcn \u00fcr\u00fcnler i\u00e7in stok tutmamaktad\u0131r. \u00dcr\u00fcnleri m\u00fc\u015fterilerin sipari\u015flerine g\u00f6re tedarik etmektedir. Stoklu olmayan \u00fcr\u00fcnler i\u00e7in avans isteme hakk\u0131m\u0131z sakl\u0131d\u0131r.<\/p>\n<p><strong>S\u0130PAR\u0130\u015e \u0130PTAL\u0130<\/strong><\/p>\n<p style=\"text-align: justify;\">Sipari\u015f etti\u011finiz \u00fcr\u00fcnleri tedarik edip, kargoya vermemizden \u00f6nce, sipari\u015flerinizi iptal ettirebilirsiniz. Sipari\u015finizin kargoya verilip verilmedi\u011fini sipari\u015flerim men\u00fcs\u00fcnden kontrol edebilirsiniz. Bu gibi durumlarda, <a href=\"mailto:sat%C4%B1s@karakayateknoloji.com\">info@karakayateknoloji.com<\/a>\u00a0adresine e-mail yoluyla iptal talebinizi bildirirseniz, en ge\u00e7 10 g\u00fcn i\u00e7erisinde \u00f6demeniz iade edilir. \u00dcr\u00fcn\u00fc firmam\u0131z taraf\u0131ndan tedarik edildikten sonraki s\u00fcre\u00e7te iptal talebinde bulunursan\u0131z, \u00f6deme tutar\u0131n\u0131z \u00fczerinden % 7 kesinti\u00a0yap\u0131larak iadeniz ger\u00e7ekle\u015ftirilir<\/p>\n<p dir=\"ltr\" align=\"justify\"><b>\u00d6DEME<\/b><\/p>\n<p style=\"text-align: justify;\"><b>1.<\/b> \u0130\u015fbu s\u00f6zle\u015fmeye konu internet sitesinden verilen sipari\u015flere ili\u015fkin \u00f6demeler Bankalara ait Visa ve Master Kartlar\u0131 ile ger\u00e7ekle\u015ftirilebilmektedir. Para transferi ve benzeri sat\u0131n alma yollar\u0131 i\u00e7in t\u00fcketici do\u011frudan \u015eirketimiz ile sipari\u015f mail adresinden temas kuracakt\u0131r. Sipari\u015flerin i\u015fleme al\u0131nma zaman\u0131, sipari\u015fin verildi\u011fi an de\u011fil, kredi kart\u0131 hesab\u0131ndan sipari\u015f tutar\u0131 kadar para blokesinin yap\u0131ld\u0131\u011f\u0131 yada \u015eirketimizin hesaplar\u0131na ula\u015ft\u0131\u011f\u0131n\u0131n belirlendi\u011fi and\u0131r.<\/p>\n<p style=\"text-align: justify;\"><b><\/b><b>2.<\/b> T\u00fcketici, i\u015fbu s\u00f6zle\u015femeye konu Site\u2019yi ve hizmetleri kullanmak i\u00e7in gereken \u00fccretleri ve uygun d\u00fc\u015fen t\u00fcm vergileri \u00f6demekle y\u00fck\u00fcml\u00fcd\u00fcr.<\/p>\n<p style=\"text-align: justify;\"><b><\/b><b>3.<\/b> Kredi kart\u0131 i\u015flemlerinde bilgi nakli \u015eirketimiz taraf\u0131ndan SSL olarak g\u00fcvenli ba\u011flant\u0131 ile sa\u011flanacakt\u0131r. T\u00fcketicinin kredi kart\u0131 \u00f6demesi ve provizyonu otomatik olarak SANALPOS sistemi ile sa\u011flanacakt\u0131r. M\u00fccbir nedenler d\u0131\u015f\u0131nda \u015eirketimiz taraf\u0131ndan tahsil edilen miktar\u0131n geriye \u00f6denmesi s\u00f6z konusu de\u011fildir.<\/p>\n<p style=\"text-align: justify;\"><b><\/b><b>4.<\/b> \u015eirketimiz taraf\u0131ndan s\u00f6zle\u015fmeye konu internet sitesinde \u00fcr\u00fcnlere dair Fiyatlara KDV dahildir. Sipari\u015f edilen \u00fcr\u00fcnlerin teslimat\u0131na ili\u015fkin ula\u015f\u0131m masraflar\u0131 t\u00fcketiciye aittir.<\/p>\n<p style=\"text-align: justify;\"><b><\/b><b>5.<\/b> T\u00fcketicinin bir ticari firma olmas\u0131 durumunda, t\u00fcketicinin belirtti\u011fi fatura bilgileri do\u011frultusunda fatura d\u00fczenlenerek sipari\u015f veren firmaya ula\u015ft\u0131r\u0131l\u0131r.T\u00fcketicinin ger\u00e7ek ki\u015fi olmas\u0131 durumunda fatura d\u00fczenlenecek ve adresine ula\u015ft\u0131r\u0131lacakt\u0131r.<\/p>\n<p style=\"text-align: justify;\"><b><\/b><b>6.<\/b> T\u00fcketicinin sat\u0131n ald\u0131\u011f\u0131 \u00fcr\u00fcnlere dair yapaca\u011f\u0131 \u00f6demenin kredi kart\u0131n\u0131n veya banka hesab\u0131n\u0131n provizyonu akabinde ba\u015far\u0131l\u0131 sonu\u00e7lanmas\u0131 ile \u015eirketimiz\u2019in t\u00fcketicinin sipari\u015fini yerine ula\u015ft\u0131rma y\u00fck\u00fcml\u00fcl\u00fc\u011f\u00fc do\u011facakt\u0131r.<\/p>\n<p style=\"text-align: justify;\"><b><\/b><b>7.<\/b> \u015eirketimiz sunmakta oldu\u011fu hizmetlerin bir k\u0131sm\u0131n\u0131 veya t\u00fcm\u00fcn\u00fc, uygulamakta oldu\u011fu \u00fccret politikas\u0131n\u0131 her zaman de\u011fi\u015ftirme hakk\u0131na sahiptir. \u00dccret politikas\u0131 ile ilgili de\u011fi\u015fiklikler, duyurusunun Site\u2019de yay\u0131mlanmas\u0131yla beraber, e\u015f zamanl\u0131 olarak etkinle\u015fmi\u015f olacakt\u0131r.<\/p>\n<p><b><\/b><b>8.<\/b> Dizgi ve sistem hatalar\u0131ndan meydana gelen fiyat yanl\u0131\u015fl\u0131klar\u0131ndan \u015eirketimiz sorumlu de\u011fildir.<\/p>\n<p><b><span style=\"color: #0000ff; font-family: Arial; font-size: xx-small;\"><span style=\"color: #0000ff; font-family: Arial; font-size: xx-small;\"><span style=\"color: #0000ff; font-family: Arial; font-size: xx-small;\">\u00a0<\/span><\/span><\/span><\/b><strong>TESL\u0130M \u0130LE \u0130LG\u0130L\u0130 H\u00dcK\u00dcMLER<\/strong><\/p>\n<p style=\"text-align: justify;\"><b>1.<\/b> \u015eirketimiz, t\u00fcketicinin sipari\u015fi kendisine ula\u015ft\u0131\u011f\u0131 andan itibaren en k\u0131sa s\u00fcrede s\u00f6z konusu \u00fcr\u00fcn\u00fc t\u00fcketiciye ula\u015ft\u0131racakt\u0131r. \u015eirketimiz, \u00f6nceden haber vermek kayd\u0131yla bu s\u00fcreyi be\u015f g\u00fcn daha uzatma hak ve yetkisine sahiptir.<\/p>\n<p style=\"text-align: justify;\"><b><\/b><b>2.<\/b> Sipari\u015flere ili\u015fkin ula\u015ft\u0131rma masraflar\u0131 t\u00fcketiciye aittir. T\u00fcketicinin sipari\u015f tutar\u0131n\u0131 sipari\u015fin tamamlanmas\u0131 halinde, t\u00fcketicinin kredi kart\u0131ndan tahsil edilecektir. Ula\u015ft\u0131rma ve kargo masraflar\u0131 teslimat esnas\u0131nda kargo yetkilisi taraf\u0131ndan t\u00fcketiciden tahsil edilecektir.<\/p>\n<p style=\"text-align: justify;\"><b><\/b><b>3.<\/b> \u015eirketimiz; t\u00fcketici taraf\u0131ndan sipari\u015f edilen \u00fcr\u00fcn\u00fcn teslimat\u0131n\u0131, sipari\u015fi takip eden en k\u0131sa s\u00fcrede ger\u00e7ekle\u015ftirecektir.<\/p>\n<p style=\"text-align: justify;\"><b><\/b><b>4.<\/b> Teslimat i\u00e7in belirtilen adreste t\u00fcketicinin kendisi bulunmuyorsa, adreste bulunmakta olan ve t\u00fcketici ile ayn\u0131 konutta ya\u015fayan di\u011fer ki\u015filere veya t\u00fcketicinin yard\u0131mc\u0131lar\u0131na teslimat yap\u0131l\u0131r.<\/p>\n<p style=\"text-align: justify;\"><b><\/b><b>5.<\/b> T\u00fcketici, sevkiyat s\u0131ras\u0131nda zarar g\u00f6rd\u00fc\u011f\u00fcn\u00fc d\u00fc\u015f\u00fcnd\u00fc\u011f\u00fc paketleri teslim al\u0131rken firma yetkilisi \u00f6n\u00fcnde a\u00e7\u0131p kontrol etmek ve e\u011fer \u00fcr\u00fcnde herhangi bir kusur mevcut ise kargo firmas\u0131na tutanak tutturarak \u00fcr\u00fcn\u00fc teslim almamak ile y\u00fck\u00fcml\u00fcd\u00fcr. Paket kabul edilmemi\u015f ve tutanak tutulmu\u015f ise, durum, tutana\u011f\u0131n sizde kalan kopyas\u0131yla birlikte en k\u0131sa zamanda \u015eirketimiz\u2019 e bildirilmelidir. \u015eirketimiz en k\u0131sa s\u00fcrede yeni ve sa\u011fl\u0131kl\u0131 bir teslimat\u0131n ger\u00e7ekle\u015fmesini sa\u011flayacakt\u0131r. Paket t\u00fcketici taraf\u0131ndan teslim al\u0131nd\u0131ktan sonra teslimat\u00e7\u0131 firman\u0131n g\u00f6revini lay\u0131k\u0131yla yapt\u0131\u011f\u0131 kabul edilmi\u015f say\u0131l\u0131r.<\/p>\n<p style=\"text-align: justify;\"><b><\/b><b>6.<\/b> Hakl\u0131 bir sebebe dayanmak \u015fart\u0131yla \u015eirketimiz, s\u00f6zle\u015fmeden do\u011fan ifa y\u00fck\u00fcml\u00fc\u011f\u00fcn\u00fcn s\u00fcresi dolmadan, t\u00fcketiciye e\u015fit kalite ve fiyatta mal veya hizmet tedarik edebilir ayr\u0131ca sipari\u015f konusu mal veya hizmetin yerine getirilmesinin imkans\u0131zla\u015ft\u0131\u011f\u0131n\u0131 ileri s\u00fcrerek, s\u00f6zle\u015fme konusu y\u00fck\u00fcml\u00fcl\u00fcklerini yerine getiremiyorsa, bu durumu, s\u00f6zle\u015fmeden do\u011fan ifa y\u00fck\u00fcml\u00fcl\u00fc\u011f\u00fcn\u00fcn s\u00fcresi dolmadan t\u00fcketiciye bildirir, \u00f6demi\u015f oldu\u011fu bedel ve bor\u00e7 alt\u0131na sokan t\u00fcm belgeleri 10 g\u00fcn i\u00e7inde t\u00fcketiciye iade eder.<\/p>\n<p style=\"text-align: justify;\"><b><\/b><b>7.<\/b> \u0130\u015fbu s\u00f6zle\u015fmede belirtilen \u015fartlar\u0131n T\u00dcKET\u0130C\u0130 taraf\u0131ndan eksiksiz olarak yerine getirilmemesi durumunda \u015eirketimiz, t\u00fcketicinin sipari\u015f etti\u011fi \u00fcr\u00fcnlerin teslim edilmemesinden sorumlu olmayacakt\u0131r.<\/p>\n<p><strong><span style=\"color: #0000ff; font-family: Arial; font-size: xx-small;\"><span style=\"color: #0000ff; font-family: Arial; font-size: xx-small;\"><span style=\"color: #0000ff; font-family: Arial; font-size: xx-small;\">\u00a0<\/span><\/span><\/span>\u0130ADE HAKKI \u0130LE \u0130LG\u0130L\u0130 H\u00dcK\u00dcMLER<\/strong><\/p>\n<p style=\"text-align: justify;\"><b>1.<\/b> T\u00fcketici; mal sat\u0131\u015f\u0131na ili\u015fkin mesafeli s\u00f6zle\u015fmelerde, teslim ald\u0131\u011f\u0131 tarihten itibaren yedi g\u00fcn i\u00e7erisinde mal\u0131 iade hakk\u0131na sahiptir. A\u00e7\u0131lm\u0131\u015f yada tahrip edilmi\u015f ambalajlar ile kullan\u0131lm\u0131\u015f \u00fcr\u00fcnler bu kural kapsam\u0131 d\u0131\u015f\u0131ndad\u0131r. \u015eirketimiz, \u00fcr\u00fcnde ve ambalaj\u0131nda herhangi bir a\u00e7\u0131lma, bozulma, k\u0131r\u0131lma, tahrip, y\u0131rt\u0131lma, kullan\u0131lma ve sair durumlar\u0131 tespit etti\u011fi hallerde ve \u00fcr\u00fcn\u00fcn m\u00fc\u015fteriye teslim edildi\u011fi andaki hali ile iade edilememesi halinde \u00fcr\u00fcn\u00fc iade almayacak ve bedelini iade etmeyecektir.<\/p>\n<p style=\"text-align: justify;\"><b><\/b><b>2.<\/b> T\u00fcketici, elektronik ortamda an\u0131nda ifa edilen hizmetler ve t\u00fcketiciye an\u0131nda teslim edilen mallara ili\u015fkin olarak yukar\u0131daki maddede belirtilen cayma hakk\u0131na ait h\u00fck\u00fcmlerden faydalanamayacakt\u0131r.<\/p>\n<p style=\"text-align: justify;\"><b><\/b><b>3.<\/b> T\u00fcketicinin \u00fcr\u00fcn\u00fc iade etmesi veya al\u0131\u015fveri\u015finden caymas\u0131 halinde, \u00fcr\u00fcn\u00fc t\u00fcm fatura kopyalar\u0131 ile beraber eksiksiz olarak \u015eirketimiz\u2019 e iade etmelidir.<\/p>\n<p style=\"text-align: justify;\"><b><\/b><b>4.<\/b> T\u00fcketici taraf\u0131ndan iade edilen \u00fcr\u00fcn\u00fcn \u00fccreti \u015eirketimiz taraf\u0131ndan 10 g\u00fcn i\u00e7erisinde t\u00fcketiciye iade edilecektir. T\u00fcketicinin bankas\u0131n\u0131n s\u00f6z konusu mebla\u011f\u0131 t\u00fcketicinin hesab\u0131na yans\u0131tmas\u0131nda meydana gelecek gecikmelerden \u015eirketimiz sorumlu de\u011fildir.\u00a0\u00dcr\u00fcn\u00fc firmam\u0131z taraf\u0131ndan tedarik edildikten sonraki s\u00fcre\u00e7te haks\u0131z iptal talebinde bulunursan\u0131z, \u015eirketimiz zararlar\u0131n\u0131 \u00f6deme tutar\u0131n\u0131z i\u00e7erisinden tanzim hakk\u0131na sahiptir.<\/p>\n<p style=\"text-align: justify;\"><b><\/b><b>5.<\/b> Yukar\u0131daki \u015fartlara uygun hallerde iade edilen \u00fcr\u00fcnlerde kargo \u00fccreti t\u00fcketici taraf\u0131ndan \u00f6denecektir.<\/p>\n<p style=\"text-align: justify;\"><b><\/b><b>6.<\/b> Ambalaj\u0131 a\u00e7\u0131lm\u0131\u015f, kullan\u0131lm\u0131\u015f, tahrip edilmi\u015f vs. \u015fekildeki \u00fcr\u00fcnlerin iadesi \u015eirketimiz taraf\u0131ndan kabul edilmeyecektir.<\/p>\n<p style=\"text-align: justify;\"><b><\/b><b>7.<\/b> T\u00fcketici \u00fcr\u00fcn\u00fc, kendisine teslim edildi\u011fi andaki durumu ile geri vermekle ve kullan\u0131m s\u00f6z konusu ise kullanma dolay\u0131s\u0131yla mal\u0131n ticari de\u011ferindeki kayb\u0131 tazminle y\u00fck\u00fcml\u00fcd\u00fcr.<\/p>\n<p style=\"text-align: justify;\"><b><\/b><b>8.<\/b> \u0130ade \u015fartlar\u0131na uygun durumlarda yap\u0131lan g\u00f6nderimlerde kargo \u00fccreti m\u00fc\u015fteri taraf\u0131ndan \u00f6denecektir. \u0130adesi yap\u0131lacak \u00fcr\u00fcnler, \u015eirketimiz\u2019 in \u00e7al\u0131\u015ft\u0131\u011f\u0131 kargo \u015firketleri taraf\u0131ndan \u015eirketimiz\u2019 e ula\u015ft\u0131r\u0131lmal\u0131d\u0131r.<\/p>\n","protected":false},"excerpt":{"rendered":"<p>T\u00dcKET\u0130C\u0130N\u0130N HAK VE Y\u00dcK\u00dcML\u00dcL\u00dcKLER\u0130 1. T\u00fcketici, kendisi ve sat\u0131n almak istedi\u011fi \u00fcr\u00fcn\/hizmet hakk\u0131ndaki bilgileri do\u011fru ve eksiksiz vermek durumundad\u0131r. T\u00fcketici hizmet kalitesinden en iyi \u015fekilde yaralanmak i\u00e7in s\u00f6zle\u015fmenin kendisine y\u00fcklemi\u015f oldu\u011fu t\u00fcm y\u00fck\u00fcml\u00fcl\u00fckleri eksiksiz yerine getirmelidir. 2. T\u00fcketici, mesafeli sat\u0131\u015f s\u00f6zle\u015fmesinde \u00f6ng\u00f6r\u00fclen \u00f6deme plan\u0131na uygun ve \u00f6ng\u00f6r\u00fclen zamanda \u00f6demesini yerine getirmek durumundad\u0131r. 3. T\u00fcketici, \u00fcr\u00fcn\u00fc [&#8230;]\n","protected":false},"author":1,"featured_media":0,"parent":0,"menu_order":0,"comment_status":"closed","ping_status":"open","template":"","meta":{"footnotes":""},"class_list":["post-95","page","type-page","status-publish","hentry"],"_links":{"self":[{"href":"https:\/\/karakayateknoloji.com\/index.php?rest_route=\/wp\/v2\/pages\/95","targetHints":{"allow":["GET"]}}],"collection":[{"href":"https:\/\/karakayateknoloji.com\/index.php?rest_route=\/wp\/v2\/pages"}],"about":[{"href":"https:\/\/karakayateknoloji.com\/index.php?rest_route=\/wp\/v2\/types\/page"}],"author":[{"embeddable":true,"href":"https:\/\/karakayateknoloji.com\/index.php?rest_route=\/wp\/v2\/users\/1"}],"replies":[{"embeddable":true,"href":"https:\/\/karakayateknoloji.com\/index.php?rest_route=%2Fwp%2Fv2%2Fcomments&post=95"}],"version-history":[{"count":148,"href":"https:\/\/karakayateknoloji.com\/index.php?rest_route=\/wp\/v2\/pages\/95\/revisions"}],"predecessor-version":[{"id":3272,"href":"https:\/\/karakayateknoloji.com\/index.php?rest_route=\/wp\/v2\/pages\/95\/revisions\/3272"}],"wp:attachment":[{"href":"https:\/\/karakayateknoloji.com\/index.php?rest_route=%2Fwp%2Fv2%2Fmedia&parent=95"}],"curies":[{"name":"wp","href":"https:\/\/api.w.org\/{rel}","templated":true}]}}