{"id":453,"date":"2015-08-10T23:37:01","date_gmt":"2015-08-10T20:37:01","guid":{"rendered":"http:\/\/www.karakayateknoloji.com\/?page_id=453"},"modified":"2021-10-03T19:43:17","modified_gmt":"2021-10-03T16:43:17","slug":"hakkimizda","status":"publish","type":"page","link":"https:\/\/karakayateknoloji.com\/?page_id=453","title":{"rendered":"Hakk\u0131m\u0131zda"},"content":{"rendered":"\n<p>Bina Otomasyon \u00dcr\u00fcnlerinin internet \u00fczerinden sat\u0131\u015f\u0131n\u0131 yapmak i\u00e7in, 2010 y\u0131l\u0131nda e-ticaret sitesi olarak kurulmu\u015ftur. Ana prensibi \u00fcr\u00fcnleri nakit almak ve nakit sat\u0131\u015f\u0131n\u0131 yaparak, m\u00fc\u015fterilerine y\u00fcksek iskontolu \u00fcr\u00fcn tedarik etmektir. 2020 y\u0131l\u0131ndan itibaren ise sat\u0131\u015f politikas\u0131n\u0131 de\u011fi\u015ftirerek, sadece SENSE marka \u00fcr\u00fcnlerin sat\u0131\u015f\u0131n\u0131n yap\u0131ld\u0131\u011f\u0131 bir platforma d\u00f6n\u00fc\u015fm\u00fc\u015ft\u00fcr. T\u00fcrkiye i\u00e7erisinde SENSE&#8217;nin sat\u0131\u015f\u0131n\u0131 yapan, yetkili ve tek sat\u0131c\u0131d\u0131r.<\/p>\n<p>G\u00f6sterdi\u011finiz ilgi i\u00e7in te\u015fekk\u00fcr ederiz.<\/p>\n<h3>\u00a0<a href=\"http:\/\/www.karakayateknoloji.com\/wp-content\/uploads\/2015\/08\/kt_logo21.png\"><img loading=\"lazy\" decoding=\"async\" class=\"wp-image-3043 alignleft\" src=\"http:\/\/www.karakayateknoloji.com\/wp-content\/uploads\/2015\/08\/kt_logo21.png\" alt=\"\" width=\"157\" height=\"52\" \/><\/a><\/h3>\n\n","protected":false},"excerpt":{"rendered":"","protected":false},"author":1,"featured_media":0,"parent":0,"menu_order":0,"comment_status":"open","ping_status":"open","template":"","meta":{"footnotes":""},"class_list":["post-453","page","type-page","status-publish","hentry"],"_links":{"self":[{"href":"https:\/\/karakayateknoloji.com\/index.php?rest_route=\/wp\/v2\/pages\/453","targetHints":{"allow":["GET"]}}],"collection":[{"href":"https:\/\/karakayateknoloji.com\/index.php?rest_route=\/wp\/v2\/pages"}],"about":[{"href":"https:\/\/karakayateknoloji.com\/index.php?rest_route=\/wp\/v2\/types\/page"}],"author":[{"embeddable":true,"href":"https:\/\/karakayateknoloji.com\/index.php?rest_route=\/wp\/v2\/users\/1"}],"replies":[{"embeddable":true,"href":"https:\/\/karakayateknoloji.com\/index.php?rest_route=%2Fwp%2Fv2%2Fcomments&post=453"}],"version-history":[{"count":16,"href":"https:\/\/karakayateknoloji.com\/index.php?rest_route=\/wp\/v2\/pages\/453\/revisions"}],"predecessor-version":[{"id":104568,"href":"https:\/\/karakayateknoloji.com\/index.php?rest_route=\/wp\/v2\/pages\/453\/revisions\/104568"}],"wp:attachment":[{"href":"https:\/\/karakayateknoloji.com\/index.php?rest_route=%2Fwp%2Fv2%2Fmedia&parent=453"}],"curies":[{"name":"wp","href":"https:\/\/api.w.org\/{rel}","templated":true}]}}