{"id":4151,"date":"2016-12-13T18:48:58","date_gmt":"2016-12-13T15:48:58","guid":{"rendered":"http:\/\/www.karakayateknoloji.com\/?page_id=4151"},"modified":"2016-12-14T21:16:00","modified_gmt":"2016-12-14T18:16:00","slug":"reklamlarimiz","status":"publish","type":"page","link":"https:\/\/karakayateknoloji.com\/?page_id=4151","title":{"rendered":"Yay\u0131nlar\u0131m\u0131z"},"content":{"rendered":"\n  \n    <div class=\"row large-columns-4 medium-columns-3 small-columns-2\" >\n  <div class=\"gallery-col col\" >\n          <div class=\"col-inner\">\n            <a class=\"image-lightbox lightbox-gallery\" href=\"https:\/\/karakayateknoloji.com\/wp-content\/uploads\/2016\/12\/375336_302152666483201_1269362_n.jpg\" title=\"ST-1\">            <div class=\"box has-hover gallery-box box-overlay dark\">\n              <div class=\"box-image\" >\n                <img loading=\"lazy\" decoding=\"async\" width=\"218\" height=\"300\" src=\"https:\/\/karakayateknoloji.com\/wp-content\/uploads\/2016\/12\/375336_302152666483201_1269362_n-218x300.jpg\" class=\"attachment-medium size-medium\" alt=\"\" ids=\"4216,4219,4217,4218,4173,4210,4165\" grid=\"null\" srcset=\"https:\/\/karakayateknoloji.com\/wp-content\/uploads\/2016\/12\/375336_302152666483201_1269362_n-218x300.jpg 218w, https:\/\/karakayateknoloji.com\/wp-content\/uploads\/2016\/12\/375336_302152666483201_1269362_n-510x701.jpg 510w, https:\/\/karakayateknoloji.com\/wp-content\/uploads\/2016\/12\/375336_302152666483201_1269362_n.jpg 698w\" sizes=\"auto, (max-width: 218px) 100vw, 218px\" \/>                                  <div class=\"overlay fill\"\n                      style=\"background-color: rgba(0,0,0,.15)\">\n                  <\/div>\n                                                              <\/div>\n              <div class=\"box-text text-left\" >\n                 <p>ST-1<\/p>\n              <\/div>\n            <\/div>\n            <\/a>          <\/div>\n         <\/div><div class=\"gallery-col col\" >\n          <div class=\"col-inner\">\n            <a class=\"image-lightbox lightbox-gallery\" href=\"https:\/\/karakayateknoloji.com\/wp-content\/uploads\/2016\/12\/393751_302152793149855_1620972357_n.jpg\" title=\"ST-2\">            <div class=\"box has-hover gallery-box box-overlay dark\">\n              <div class=\"box-image\" >\n                <img loading=\"lazy\" decoding=\"async\" width=\"218\" height=\"300\" src=\"https:\/\/karakayateknoloji.com\/wp-content\/uploads\/2016\/12\/393751_302152793149855_1620972357_n-218x300.jpg\" class=\"attachment-medium size-medium\" alt=\"\" ids=\"4216,4219,4217,4218,4173,4210,4165\" grid=\"null\" srcset=\"https:\/\/karakayateknoloji.com\/wp-content\/uploads\/2016\/12\/393751_302152793149855_1620972357_n-218x300.jpg 218w, https:\/\/karakayateknoloji.com\/wp-content\/uploads\/2016\/12\/393751_302152793149855_1620972357_n-510x702.jpg 510w, https:\/\/karakayateknoloji.com\/wp-content\/uploads\/2016\/12\/393751_302152793149855_1620972357_n.jpg 697w\" sizes=\"auto, (max-width: 218px) 100vw, 218px\" \/>                                  <div class=\"overlay fill\"\n                      style=\"background-color: rgba(0,0,0,.15)\">\n                  <\/div>\n                                                              <\/div>\n              <div class=\"box-text text-left\" >\n                 <p>ST-2<\/p>\n              <\/div>\n            <\/div>\n            <\/a>          <\/div>\n         <\/div><div class=\"gallery-col col\" >\n          <div class=\"col-inner\">\n            <a class=\"image-lightbox lightbox-gallery\" href=\"https:\/\/karakayateknoloji.com\/wp-content\/uploads\/2016\/12\/378935_302152889816512_2045976722_n.jpg\" title=\"ST-3\">            <div class=\"box has-hover gallery-box box-overlay dark\">\n              <div class=\"box-image\" >\n                <img loading=\"lazy\" decoding=\"async\" width=\"218\" height=\"300\" src=\"https:\/\/karakayateknoloji.com\/wp-content\/uploads\/2016\/12\/378935_302152889816512_2045976722_n-218x300.jpg\" class=\"attachment-medium size-medium\" alt=\"\" ids=\"4216,4219,4217,4218,4173,4210,4165\" grid=\"null\" srcset=\"https:\/\/karakayateknoloji.com\/wp-content\/uploads\/2016\/12\/378935_302152889816512_2045976722_n-218x300.jpg 218w, https:\/\/karakayateknoloji.com\/wp-content\/uploads\/2016\/12\/378935_302152889816512_2045976722_n-510x702.jpg 510w, https:\/\/karakayateknoloji.com\/wp-content\/uploads\/2016\/12\/378935_302152889816512_2045976722_n.jpg 697w\" sizes=\"auto, (max-width: 218px) 100vw, 218px\" \/>                                  <div class=\"overlay fill\"\n                      style=\"background-color: rgba(0,0,0,.15)\">\n                  <\/div>\n                                                              <\/div>\n              <div class=\"box-text text-left\" >\n                 <p>ST-3<\/p>\n              <\/div>\n            <\/div>\n            <\/a>          <\/div>\n         <\/div><div class=\"gallery-col col\" >\n          <div class=\"col-inner\">\n            <a class=\"image-lightbox lightbox-gallery\" href=\"https:\/\/karakayateknoloji.com\/wp-content\/uploads\/2016\/12\/380908_302153006483167_238018655_n.jpg\" title=\"ST-4\">            <div class=\"box has-hover gallery-box box-overlay dark\">\n              <div class=\"box-image\" >\n                <img loading=\"lazy\" decoding=\"async\" width=\"218\" height=\"300\" src=\"https:\/\/karakayateknoloji.com\/wp-content\/uploads\/2016\/12\/380908_302153006483167_238018655_n-218x300.jpg\" class=\"attachment-medium size-medium\" alt=\"\" ids=\"4216,4219,4217,4218,4173,4210,4165\" grid=\"null\" srcset=\"https:\/\/karakayateknoloji.com\/wp-content\/uploads\/2016\/12\/380908_302153006483167_238018655_n-218x300.jpg 218w, https:\/\/karakayateknoloji.com\/wp-content\/uploads\/2016\/12\/380908_302153006483167_238018655_n-510x702.jpg 510w, https:\/\/karakayateknoloji.com\/wp-content\/uploads\/2016\/12\/380908_302153006483167_238018655_n.jpg 697w\" sizes=\"auto, (max-width: 218px) 100vw, 218px\" \/>                                  <div class=\"overlay fill\"\n                      style=\"background-color: rgba(0,0,0,.15)\">\n                  <\/div>\n                                                              <\/div>\n              <div class=\"box-text text-left\" >\n                 <p>ST-4<\/p>\n              <\/div>\n            <\/div>\n            <\/a>          <\/div>\n         <\/div><div class=\"gallery-col col\" >\n          <div class=\"col-inner\">\n            <a class=\"image-lightbox lightbox-gallery\" href=\"https:\/\/karakayateknoloji.com\/wp-content\/uploads\/2016\/12\/TermoKlima02.2012.jpg\" title=\"Termo Klima 02.2012\">            <div class=\"box has-hover gallery-box box-overlay dark\">\n              <div class=\"box-image\" >\n                <img loading=\"lazy\" decoding=\"async\" width=\"212\" height=\"300\" src=\"https:\/\/karakayateknoloji.com\/wp-content\/uploads\/2016\/12\/TermoKlima02.2012-212x300.jpg\" class=\"attachment-medium size-medium\" alt=\"\" ids=\"4216,4219,4217,4218,4173,4210,4165\" grid=\"null\" srcset=\"https:\/\/karakayateknoloji.com\/wp-content\/uploads\/2016\/12\/TermoKlima02.2012-212x300.jpg 212w, https:\/\/karakayateknoloji.com\/wp-content\/uploads\/2016\/12\/TermoKlima02.2012-510x723.jpg 510w, https:\/\/karakayateknoloji.com\/wp-content\/uploads\/2016\/12\/TermoKlima02.2012.jpg 677w\" sizes=\"auto, (max-width: 212px) 100vw, 212px\" \/>                                  <div class=\"overlay fill\"\n                      style=\"background-color: rgba(0,0,0,.15)\">\n                  <\/div>\n                                                              <\/div>\n              <div class=\"box-text text-left\" >\n                 <p>Termo Klima 02.2012<\/p>\n              <\/div>\n            <\/div>\n            <\/a>          <\/div>\n         <\/div><div class=\"gallery-col col\" >\n          <div class=\"col-inner\">\n            <a class=\"image-lightbox lightbox-gallery\" href=\"https:\/\/karakayateknoloji.com\/wp-content\/uploads\/2016\/12\/380808_302114269820374_306631683_n.jpg\" title=\"TMMOB-Seminer\">            <div class=\"box has-hover gallery-box box-overlay dark\">\n              <div class=\"box-image\" >\n                <img loading=\"lazy\" decoding=\"async\" width=\"300\" height=\"225\" src=\"https:\/\/karakayateknoloji.com\/wp-content\/uploads\/2016\/12\/380808_302114269820374_306631683_n-300x225.jpg\" class=\"attachment-medium size-medium\" alt=\"\" ids=\"4216,4219,4217,4218,4173,4210,4165\" grid=\"null\" srcset=\"https:\/\/karakayateknoloji.com\/wp-content\/uploads\/2016\/12\/380808_302114269820374_306631683_n-300x225.jpg 300w, https:\/\/karakayateknoloji.com\/wp-content\/uploads\/2016\/12\/380808_302114269820374_306631683_n-510x383.jpg 510w, https:\/\/karakayateknoloji.com\/wp-content\/uploads\/2016\/12\/380808_302114269820374_306631683_n-768x576.jpg 768w, https:\/\/karakayateknoloji.com\/wp-content\/uploads\/2016\/12\/380808_302114269820374_306631683_n.jpg 960w\" sizes=\"auto, (max-width: 300px) 100vw, 300px\" \/>                                  <div class=\"overlay fill\"\n                      style=\"background-color: rgba(0,0,0,.15)\">\n                  <\/div>\n                                                              <\/div>\n              <div class=\"box-text text-left\" >\n                 <p>TMMOB-Seminer<\/p>\n              <\/div>\n            <\/div>\n            <\/a>          <\/div>\n         <\/div><div class=\"gallery-col col\" >\n          <div class=\"col-inner\">\n            <a class=\"image-lightbox lightbox-gallery\" href=\"https:\/\/karakayateknoloji.com\/wp-content\/uploads\/2016\/12\/TMMO_Seminer.jpg\" title=\"TermoDinamik-TMMOBSeminer\">            <div class=\"box has-hover gallery-box box-overlay dark\">\n              <div class=\"box-image\" >\n                <img loading=\"lazy\" decoding=\"async\" width=\"300\" height=\"175\" src=\"https:\/\/karakayateknoloji.com\/wp-content\/uploads\/2016\/12\/TMMO_Seminer-300x175.jpg\" class=\"attachment-medium size-medium\" alt=\"\" ids=\"4216,4219,4217,4218,4173,4210,4165\" grid=\"null\" srcset=\"https:\/\/karakayateknoloji.com\/wp-content\/uploads\/2016\/12\/TMMO_Seminer-300x175.jpg 300w, https:\/\/karakayateknoloji.com\/wp-content\/uploads\/2016\/12\/TMMO_Seminer-510x298.jpg 510w, https:\/\/karakayateknoloji.com\/wp-content\/uploads\/2016\/12\/TMMO_Seminer-768x448.jpg 768w, https:\/\/karakayateknoloji.com\/wp-content\/uploads\/2016\/12\/TMMO_Seminer.jpg 960w\" sizes=\"auto, (max-width: 300px) 100vw, 300px\" \/>                                  <div class=\"overlay fill\"\n                      style=\"background-color: rgba(0,0,0,.15)\">\n                  <\/div>\n                                                              <\/div>\n              <div class=\"box-text text-left\" >\n                 <p>TermoDinamik-TMMOBSeminer<\/p>\n              <\/div>\n            <\/div>\n            <\/a>          <\/div>\n         <\/div><\/div>\n<a href=\"http:\/\/www.karakayateknoloji.com\/?page_id=456\" class=\"button primary is-smaller\"  style=\"border-radius:30px;\">\n\t\t<span>Geri D\u00f6n<\/span>\n\t<\/a>\n\n","protected":false},"excerpt":{"rendered":"","protected":false},"author":2,"featured_media":0,"parent":0,"menu_order":0,"comment_status":"closed","ping_status":"closed","template":"","meta":{"footnotes":""},"class_list":["post-4151","page","type-page","status-publish","hentry"],"_links":{"self":[{"href":"https:\/\/karakayateknoloji.com\/index.php?rest_route=\/wp\/v2\/pages\/4151","targetHints":{"allow":["GET"]}}],"collection":[{"href":"https:\/\/karakayateknoloji.com\/index.php?rest_route=\/wp\/v2\/pages"}],"about":[{"href":"https:\/\/karakayateknoloji.com\/index.php?rest_route=\/wp\/v2\/types\/page"}],"author":[{"embeddable":true,"href":"https:\/\/karakayateknoloji.com\/index.php?rest_route=\/wp\/v2\/users\/2"}],"replies":[{"embeddable":true,"href":"https:\/\/karakayateknoloji.com\/index.php?rest_route=%2Fwp%2Fv2%2Fcomments&post=4151"}],"version-history":[{"count":16,"href":"https:\/\/karakayateknoloji.com\/index.php?rest_route=\/wp\/v2\/pages\/4151\/revisions"}],"predecessor-version":[{"id":4220,"href":"https:\/\/karakayateknoloji.com\/index.php?rest_route=\/wp\/v2\/pages\/4151\/revisions\/4220"}],"wp:attachment":[{"href":"https:\/\/karakayateknoloji.com\/index.php?rest_route=%2Fwp%2Fv2%2Fmedia&parent=4151"}],"curies":[{"name":"wp","href":"https:\/\/api.w.org\/{rel}","templated":true}]}}