{"id":32264,"date":"2020-08-30T12:59:13","date_gmt":"2020-08-30T09:59:13","guid":{"rendered":"http:\/\/karakayateknoloji.com\/?page_id=32264"},"modified":"2025-03-07T11:04:24","modified_gmt":"2025-03-07T08:04:24","slug":"deneme","status":"publish","type":"page","link":"https:\/\/karakayateknoloji.com\/?page_id=32264","title":{"rendered":"\u00dcr\u00fcn Katalo\u011fu"},"content":{"rendered":"\n<a href=\"http:\/\/karakayateknoloji.com\/wp-content\/uploads\/2020\/08\/Karakaya-\u00dcr\u00fcn-Listesi.pdf\" target=\"_blank\" class=\"button primary lowercase\" rel=\"noopener\"  >\n\t\t<span>\u00dcr\u00fcn Katalo\u011fu<\/span>\n\t<\/a>\n\n\n<a href=\"http:\/\/karakayateknoloji.com\/wp-content\/uploads\/2021\/11\/SENSE_Portfolio_2022.pdf\" target=\"_blank\" class=\"button primary lowercase\" rel=\"noopener\"  >\n\t\t<span>Portfolyo<\/span>\n\t<\/a>\n\n","protected":false},"excerpt":{"rendered":"","protected":false},"author":2,"featured_media":0,"parent":0,"menu_order":0,"comment_status":"closed","ping_status":"closed","template":"","meta":{"footnotes":""},"class_list":["post-32264","page","type-page","status-publish","hentry"],"_links":{"self":[{"href":"https:\/\/karakayateknoloji.com\/index.php?rest_route=\/wp\/v2\/pages\/32264","targetHints":{"allow":["GET"]}}],"collection":[{"href":"https:\/\/karakayateknoloji.com\/index.php?rest_route=\/wp\/v2\/pages"}],"about":[{"href":"https:\/\/karakayateknoloji.com\/index.php?rest_route=\/wp\/v2\/types\/page"}],"author":[{"embeddable":true,"href":"https:\/\/karakayateknoloji.com\/index.php?rest_route=\/wp\/v2\/users\/2"}],"replies":[{"embeddable":true,"href":"https:\/\/karakayateknoloji.com\/index.php?rest_route=%2Fwp%2Fv2%2Fcomments&post=32264"}],"version-history":[{"count":20,"href":"https:\/\/karakayateknoloji.com\/index.php?rest_route=\/wp\/v2\/pages\/32264\/revisions"}],"predecessor-version":[{"id":104592,"href":"https:\/\/karakayateknoloji.com\/index.php?rest_route=\/wp\/v2\/pages\/32264\/revisions\/104592"}],"wp:attachment":[{"href":"https:\/\/karakayateknoloji.com\/index.php?rest_route=%2Fwp%2Fv2%2Fmedia&parent=32264"}],"curies":[{"name":"wp","href":"https:\/\/api.w.org\/{rel}","templated":true}]}}